{"id":97,"date":"2023-04-11T18:24:01","date_gmt":"2023-04-11T16:24:01","guid":{"rendered":"https:\/\/ambasciatapraga.esteri.it\/?page_id=97"},"modified":"2025-06-26T12:33:36","modified_gmt":"2025-06-26T04:33:36","slug":"fare-affari-in-italia","status":"publish","type":"page","link":"https:\/\/ambmanila.esteri.it\/it\/italia-e-filippine\/diplomazia-economica\/fare-affari-in-italia\/","title":{"rendered":"Fare affari in Italia"},"content":{"rendered":"<p style=\"text-align: justify;\">L\u2019Italia \u00e8 il sesto Paese nell\u2019area OCSE e il quarto in quella europea per valore del Prodotto interno lordo. La produzione italiana costituisce pi\u00f9 del 13% del PIL dell\u2019Unione europea.<br \/>\nPer caratteristiche della struttura produttiva, la composizione italiana per settori di attivit\u00e0 economica risulta simile a quella dei principali Paesi europei, con il 27,7% della produzione nel comparto manifatturiero e delle costruzioni e con quasi il 70% in quello dei servizi. All\u2019interno di quest\u2019ultimo settore, il commercio, i trasporti e le comunicazioni assorbono una quota di PIL pi\u00f9 elevata rispetto alla media dei Paesi europei.<br \/>\nSituata nel cuore del mediterraneo, l\u2019Italia rappresenta uno snodo cruciale per i collegamenti stradali, marittimi ed aerei tra il Nord ed il Sud d\u2019Europa.<br \/>\nIl mercato italiano offre innumerevoli opportunit\u00e0 alle imprese in espansione, con quasi 60 milioni di consumatori e un PIL che si colloca al quarto posto in Italia.<br \/>\nGrazie alla sua ubicazione strategica, l\u2019Italia permette di raggiungere facilmente i 396 milioni di consumatori negli altri Stati dell\u2019Unione europea e i 240 milioni dell\u2019Africa settentrionale e del Medio Oriente.<br \/>\nHa conquistato una posizione leader (11% della quota del mercato europeo), con un fatturato di circa 65 miliardi di euro.<br \/>\nIn Europa, l\u2019Italia si colloca al primo posto come Paese con il minor costo di insediamento per il settore delle biotecnologie, al secondo posto per i test su prodotto nelle attivit\u00e0 di ricerca e sviluppo, nella chimica e nell\u2019elettronica.<\/p>\n<p style=\"text-align: justify;\"><strong> <u>NORME ED INCENTIVI<\/u> <\/strong><\/p>\n<p style=\"text-align: justify;\">Nel corso degli anni \u201990 sono state introdotte riforme strutturali che hanno permesso all\u2019Italia di armonizzare il proprio quadro normativo, fiscale ed agevolativo agli standard europei.<\/p>\n<p style=\"text-align: justify;\">In particolare sono state attuate riforme importanti nel mercato del lavoro, del credito, dell\u2019energia, della Pubblica Amministrazione<\/p>\n<p style=\"text-align: justify;\">Sono stati rivoluzionati i tre fondamentali comparti della legislazione economica. Filo conduttore degli interventi \u00e8 stato l\u2019adeguamento delle regole a quelle dei Paesi pi\u00f9 avanzati, al fine di rendere il Sistema Italia pi\u00f9 attraente per gli operatori economici e pi\u00f9 competitivo nel confronto internazionale. Il sito<\/p>\n<p style=\"text-align: justify;\"><a href=\"https:\/\/www.ice.it\/en\/sites\/default\/files\/inline-files\/Guide_DB_2024.pdf\" target=\"_blank\" rel=\"noopener\"><strong>Guida Fare affari in Italia<\/strong><\/a><\/p>\n<p style=\"text-align: justify;\"><a href=\"https:\/\/www.ice.it\/en\/invest\/labor-market-0\"><u><strong>Mercato del Lavoro<\/strong><\/u><\/a><\/p>\n<p style=\"text-align: justify;\"><span style=\"text-decoration: underline;\"><strong>OPPORTUNITA&#8217; DI INVESTIMENTO<\/strong><\/span><\/p>\n<p style=\"text-align: justify;\">InvestInItaly \u00e8 l\u2019organizzazione istituzionale per la Promozione degli investimenti esteri in Italia. Esso rappresenta il referente unico per offrire servizi di consulenza specialistica gratuita volti a facilitare il processo di inserimento di investitori esteri in Italia. Nel sito di InvestInItaly gli investitori stranieri possono trovare tutte le informazioni utili per cogliere le opportunit\u00e0 di investimento pi\u00f9 vantaggiose per creare o espandere la propria impresa in Italia.<\/p>\n<p style=\"text-align: justify;\"><a href=\"http:\/\/www.investinitaly.com\/\" target=\"_blank\" rel=\"noopener\"><strong>Il sito web di InvestInItaly<\/strong><\/a><\/p>\n<div>\n<p style=\"text-align: justify;\"><span style=\"text-decoration: underline;\"><strong>QUADRO MACROECONOMICO<\/strong><\/span><\/p>\n<p style=\"text-align: justify;\">Nella homepage del sito della Banca d&#8217;Italia \u00e8 presente il collegamento alla sezione pubblicazioni attraverso il quale si accede ai servizi di carattere economico e statistico e di politica monetaria sull\u2019Italia.<\/p>\n<p style=\"text-align: justify;\">Di particolare interesse ai fini di un\u2019accurata ed aggiornata analisi sul quadro economico nazionale si segnala, in questa sezione, il Bollettino Economico che viene aggiornato dall\u2019Istituto a novembre e marzo di ogni anno.<\/p>\n<p style=\"text-align: justify;\"><strong><img decoding=\"async\" src=\"https:\/\/flaviop37.sg-host.com\/resource\/2005\/03\/79_f_amb61item0991.gif\" alt=\"\" border=\"0\" \/> <a href=\"http:\/\/www.bancaditalia.it\/\" target=\"_blank\" rel=\"noopener\">\u00a0Il sito Web della Banca d\u2019Italia<\/a><\/strong><\/p>\n<\/div>\n","protected":false},"excerpt":{"rendered":"L\u2019Italia \u00e8 il sesto Paese nell\u2019area OCSE e il quarto in quella europea per valore del Prodotto interno lordo. La produzione italiana costituisce pi\u00f9 del 13% del PIL dell\u2019Unione europea. Per caratteristiche della struttura produttiva, la composizione italiana per settori di attivit\u00e0 economica risulta simile a quella dei principali Paesi europei, con il 27,7% della [&hellip;]","protected":false},"author":1,"featured_media":0,"parent":43,"menu_order":0,"comment_status":"closed","ping_status":"closed","template":"","meta":{"footnotes":""},"class_list":["post-97","page","type-page","status-publish","hentry"],"_links":{"self":[{"href":"https:\/\/ambmanila.esteri.it\/it\/wp-json\/wp\/v2\/pages\/97","targetHints":{"allow":["GET"]}}],"collection":[{"href":"https:\/\/ambmanila.esteri.it\/it\/wp-json\/wp\/v2\/pages"}],"about":[{"href":"https:\/\/ambmanila.esteri.it\/it\/wp-json\/wp\/v2\/types\/page"}],"author":[{"embeddable":true,"href":"https:\/\/ambmanila.esteri.it\/it\/wp-json\/wp\/v2\/users\/1"}],"replies":[{"embeddable":true,"href":"https:\/\/ambmanila.esteri.it\/it\/wp-json\/wp\/v2\/comments?post=97"}],"version-history":[{"count":6,"href":"https:\/\/ambmanila.esteri.it\/it\/wp-json\/wp\/v2\/pages\/97\/revisions"}],"predecessor-version":[{"id":5283,"href":"https:\/\/ambmanila.esteri.it\/it\/wp-json\/wp\/v2\/pages\/97\/revisions\/5283"}],"up":[{"embeddable":true,"href":"https:\/\/ambmanila.esteri.it\/it\/wp-json\/wp\/v2\/pages\/43"}],"wp:attachment":[{"href":"https:\/\/ambmanila.esteri.it\/it\/wp-json\/wp\/v2\/media?parent=97"}],"curies":[{"name":"wp","href":"https:\/\/api.w.org\/{rel}","templated":true}]}}