{"id":95,"date":"2023-04-11T18:23:52","date_gmt":"2023-04-11T16:23:52","guid":{"rendered":"https:\/\/ambasciatapraga.esteri.it\/?page_id=95"},"modified":"2025-01-28T11:42:56","modified_gmt":"2025-01-28T03:42:56","slug":"fare-affari-nelle-filippine","status":"publish","type":"page","link":"https:\/\/ambmanila.esteri.it\/it\/italia-e-filippine\/diplomazia-economica\/fare-affari-nelle-filippine\/","title":{"rendered":"Fare affari nelle Filippine"},"content":{"rendered":"<p style=\"text-align: justify;\"><span style=\"text-decoration: underline;\"><strong>FILIPPINE: POTENZIALITA&#8217; PER IL SISTEMA ITALIA.<\/strong><\/span><\/p>\n<p style=\"text-align: justify;\">I robusti tassi di crescita attesi (6%), la crescita demografica in atto (115 milioni), fanno delle <strong>Filippine un mercato emergente di primo piano nella regione dell\u2019Asia-Pacifico con potenzialit\u00e0 notevoli nell\u2019industria manifatturiera, nel commercio al dettaglio e nella crescita infrastrutturale. <\/strong><\/p>\n<p style=\"text-align: justify;\">Imponenti progetti di sviluppo sostenuti dalla Banca Asiatica di Sviluppo (ADB) offrono notevoli opportunit\u00e0 alle aziende italiane nel settore delle costruzioni e dei trasporti. Per le aziende nazionali, le Filippine si profilano come <strong>una delle economie in maggior crescita nel contesto Asean e in quello asiatico in generale.<\/strong><\/p>\n<p style=\"text-align: justify;\">Dal punto di vista dei consumi, <strong>la crescita demografica, l\u2019alta percentuale di giovani (28% della popolazione), la presenza di una classe media dalle abitudini di spesa sempre pi\u00f9 diversificate fanno delle Filippine un mercato potenzialmente sempre pi\u00f9 ricettivo ai prodotti di qualit\u00e0, quali sono quelli italiani. <\/strong><\/p>\n<p style=\"text-align: justify;\"><strong>Alcune tendenze strutturali agiscono in senso favorevole all\u2019espansione delle posizioni commerciali italiane.\u00a0 Innanzitutto, l\u2019aumento del reddito disponibile tra le classi medie e alte.<\/strong> In particolare la popolazione tra i 25 e i 34 anni rappresenta il gruppo demografico pi\u00f9 rilevante per i c.d. \u201cconsumi discrezionali\u201d e si prevede che rappresenter\u00e0 una quota significativamente maggiore di spesa nei prossimi dieci anni.<\/p>\n<p style=\"text-align: justify;\"><strong>Concorre favorevolmente anche la forte urbanizzazione in corso.<\/strong> Essa contribuisce all&#8217;aumento dei consumi di cibo e bevande che incidono per il 39,6 percento della spesa totale delle famiglie. <strong>Sul piano della distribuzione, un ulteriore fattore strutturale che pu\u00f2 facilitare il prodotto italiano \u00e8 la massiccia diffusione di centri commerciali e al dettaglio.<\/strong> Infine, sempre per quanto riguarda i canali di distribuzione, bench\u00e9 la preferenza per l&#8217;esperienza di acquisto in un negozio fisico sia relativamente pi\u00f9 alta nelle Filippine rispetto ai paesi limitrofi in cui lo shopping online \u00e8 pi\u00f9 popolare, <strong>opportunit\u00e0 per una presenza pi\u00f9 strutturata dei prodotti italiani si presentano anche nell&#8217;e-commerce<\/strong>.<\/p>\n<p style=\"text-align: justify;\"><strong>Opportunit\u00e0 per le aziende italiane si presentano nel settore agro-alimentare.<\/strong> Nel paese c&#8217;\u00e8 una percezione generalmente favorevole dei prodotti provenienti da paesi e regioni occidentali come l\u2019Italia. <strong>Le aziende italiane sono pronte a venire incontro alla domanda proveniente da consumatori giovani, attenti alla salute e curiosi di provare nuovi prodotti.<\/strong> Poich\u00e9 il potere di spesa della classe medio-alta e media \u00e8 in aumento, c&#8217;\u00e8 anche una maggiore domanda di prodotti di alta qualit\u00e0 e pi\u00f9 sani, generalmente di importazione.I consumatori sono alla ricerca di prodotti biologico-naturali e integrali senza additivi chimici.<\/p>\n<p>&nbsp;<\/p>\n<p style=\"text-align: justify;\"><span style=\"text-decoration: underline;\"><strong>SETTORI D&#8217;INTERESSE.<\/strong><\/span><\/p>\n<ul style=\"text-align: justify;\">\n<li><strong>Edilizia<\/strong>. Il settore delle costruzioni \u00e8 trainante. Nel quadro di massicci fenomeni di urbanizzazione sono in costruzione nuovi e moderni complessi destinati ad uso residenziale privato e\/o commerciale a Manila e nelle altre principali citt\u00e0 dell\u2019arcipelago. Con la crescita della popolazione nelle principali aree urbane, la domanda di abitazioni residenziali, specialmente a buon mercato, continua a crescere. In considerazione della crescente importanza del settore dei servizi (informatica, business process management, data center, e-commerce) la domanda di spazi ufficio continua a rimanere elevata.<\/li>\n<li><strong>Infrastrutture\/trasporti.<\/strong> Ferrovie, porti, aeroporti e rete stradale costituiscono una priorit\u00e0. Imponenti progetti di sviluppo sostenuti dalla Banca Asiatica di Sviluppo offrono opportunit\u00e0 alle aziende italiane nel settore delle costruzioni e dei trasporti.<\/li>\n<li><strong>Sistemi di monitoraggio delle inondazioni.<\/strong> Hanno priorit\u00e0 data l\u2019alta incidenza di tifoni (in media 20 all\u2019anno). Sussistono opportunit\u00e0 per la costruzione di dighe, strumenti di previsione delle inondazioni, stazioni di pompaggio, progetti di drenaggio, barriere anti-inondazione e muri contenitori.<\/li>\n<li><strong>Consulenza e sviluppo dei progetti.<\/strong> La crescita nel settore delle infrastrutture traina il bisogno di servizi specializzati, tra cui studi di pre-fattibilit\u00e0 e fattibilit\u00e0, documentazione per le gare e studi legali, finanziari ed economici.<\/li>\n<li><strong>Infrastrutture\/Energia.<\/strong> In particolare, progetti di esplorazione e di sfruttamento di nuove riserve di gas, di elettrificazione e di sviluppo di tecnologie ed energie rinnovabili. Le Filippine possiedono notevoli riserve marginali di elettricit\u00e0 le quali presentano un enorme potenziale per lo sviluppo di nuovi progetti energetici, specialmente nel campo delle energie rinnovabili.<br \/>\nI<strong>l mercato dell\u2019energia filippino offre opportunit\u00e0 nell\u2019applicazione di tecnologie geotermiche, nello sviluppo dell\u2019eolico offshore, nell\u2019efficientamento energetico, nella generazione di elettricit\u00e0 e nella sua distribuzione, e nel gas naturale liquefatto (LNG). <\/strong><\/li>\n<li>Depurazione delle acque reflue; riciclo dei rifiuti urbani.<\/li>\n<li><strong>Agricoltura e Agro-alimentare.<\/strong> Per quanto riguarda: la meccanizzazione dei processi; la catena del freddo nel settore della pesca e semi-lavorazione dei prodotti ittici<strong>; <\/strong>le applicazioni satellitari (c.d. agricoltura intelligente); la lavorazione di alimenti e bevande.<\/li>\n<\/ul>\n<p>&nbsp;<\/p>\n<p style=\"text-align: justify;\"><span style=\"text-decoration: underline;\"><strong>CONOSCERE IL MERCATO.<\/strong><\/span><\/p>\n<p style=\"text-align: justify;\"><strong>Al fine di una migliore conoscenza del mercato filippino l&#8217;ambasciata d&#8217;Italia ha promosso una Guida Imprenditoriale\u00a0realizzata in collaborazione con lo studio Dezan Shira &amp; Associates.<\/strong><\/p>\n<p style=\"text-align: justify;\">La Guida presenta un modulo introduttivo generale sulle Filippine e sulle relazioni economiche bilaterali tra i due Paesi, seguito da una ricca serie di capitoli sulle opportunit\u00e0 di investimento in settori oggi di particolare interesse, tra cui quello bancario, finanziario e assicurativo, farmaceutico, manifatturiero, oltre a contenuti e dati pi\u00f9 mirati su moda e abbigliamento, cibo e bevande, passando dal settore energetico a quello delle infrastrutture e delle costruzioni.<\/p>\n<p style=\"text-align: justify;\">L&#8217;obiettivo di questa guida \u00e8 fornire uno strumento accessibile, semplice e di rapida consultazione, completo e concretamente utile per eventuali decisioni strategiche all&#8217;interno del mercato filippino.<\/p>\n<p style=\"text-align: justify;\">La Guida \u00e8 suddivisa in 8 capitoli settoriali e pu\u00f2 essere scaricata in italiano e in inglese tramite i link sottostanti.<\/p>\n<ul style=\"text-align: justify;\">\n<li><strong><a href=\"https:\/\/ambmanila.esteri.it\/wp-content\/uploads\/2023\/12\/Philippines-Business-Guide-Italian_compressed.pdf\">Guida Imprenditoriale Filippine<\/a><\/strong><\/li>\n<li><a href=\"https:\/\/ambmanila.esteri.it\/wp-content\/uploads\/2024\/08\/infra-and-construction-in-Italian.pdf\">Guida di settore \u2013 infrastrutture e costruzioni<\/a><\/li>\n<li><a href=\"https:\/\/ambmanila.esteri.it\/wp-content\/uploads\/2024\/09\/Machinery-and-Manufacturing-Sector-Guide-Italian_compressed.pdf\"><strong>Guida al SettoreManifatturiero e dei Macchinari<\/strong><\/a><\/li>\n<li><a href=\"https:\/\/ambmanila.esteri.it\/wp-content\/uploads\/2024\/07\/Philippines-Energy-Sector-Guide-final.pdf\">Guida al Settore Energetico<\/a><\/li>\n<li><a href=\"https:\/\/ambmanila.esteri.it\/wp-content\/uploads\/2024\/02\/Philippines-FB-Italian-sector-guide-final-1_compressed-2.pdf\"><strong>Guida di settore \u2013 L\u2019industria alimentare e delle bevande (F&amp;B)<\/strong><\/a><\/li>\n<li><a href=\"https:\/\/ambmanila.esteri.it\/wp-content\/uploads\/2024\/01\/Philippines-Fashion-Sector-Guide-Italian.pdf\">Guida di settore &#8211; moda e abbigliamento<\/a><\/li>\n<li><strong><a href=\"https:\/\/ambmanila.esteri.it\/wp-content\/uploads\/2024\/04\/Banking-Insurance-and-Finance-Sector-guide-draft_compressed-1.pdf\">Guida di settore \u2013 Settore bancario e finanziario, comprese le assicurazioni<\/a><\/strong><\/li>\n<li><a href=\"https:\/\/ambmanila.esteri.it\/wp-content\/uploads\/2024\/10\/Philippines-Pharma-Sector-Guide-Italian-Translation-draft1_compressed.pdf\">Guida al Settore Farmaceutico nelle Filippine<\/a><\/li>\n<\/ul>\n<p>&nbsp;<\/p>\n<p>&nbsp;<\/p>\n<hr \/>\n<p style=\"text-align: justify;\">\n","protected":false},"excerpt":{"rendered":"FILIPPINE: POTENZIALITA&#8217; PER IL SISTEMA ITALIA. I robusti tassi di crescita attesi (6%), la crescita demografica in atto (115 milioni), fanno delle Filippine un mercato emergente di primo piano nella regione dell\u2019Asia-Pacifico con potenzialit\u00e0 notevoli nell\u2019industria manifatturiera, nel commercio al dettaglio e nella crescita infrastrutturale. Imponenti progetti di sviluppo sostenuti dalla Banca Asiatica di Sviluppo [&hellip;]","protected":false},"author":1,"featured_media":0,"parent":43,"menu_order":0,"comment_status":"closed","ping_status":"closed","template":"","meta":{"footnotes":""},"class_list":["post-95","page","type-page","status-publish","hentry"],"_links":{"self":[{"href":"https:\/\/ambmanila.esteri.it\/it\/wp-json\/wp\/v2\/pages\/95","targetHints":{"allow":["GET"]}}],"collection":[{"href":"https:\/\/ambmanila.esteri.it\/it\/wp-json\/wp\/v2\/pages"}],"about":[{"href":"https:\/\/ambmanila.esteri.it\/it\/wp-json\/wp\/v2\/types\/page"}],"author":[{"embeddable":true,"href":"https:\/\/ambmanila.esteri.it\/it\/wp-json\/wp\/v2\/users\/1"}],"replies":[{"embeddable":true,"href":"https:\/\/ambmanila.esteri.it\/it\/wp-json\/wp\/v2\/comments?post=95"}],"version-history":[{"count":7,"href":"https:\/\/ambmanila.esteri.it\/it\/wp-json\/wp\/v2\/pages\/95\/revisions"}],"predecessor-version":[{"id":1910,"href":"https:\/\/ambmanila.esteri.it\/it\/wp-json\/wp\/v2\/pages\/95\/revisions\/1910"}],"up":[{"embeddable":true,"href":"https:\/\/ambmanila.esteri.it\/it\/wp-json\/wp\/v2\/pages\/43"}],"wp:attachment":[{"href":"https:\/\/ambmanila.esteri.it\/it\/wp-json\/wp\/v2\/media?parent=95"}],"curies":[{"name":"wp","href":"https:\/\/api.w.org\/{rel}","templated":true}]}}