{"id":91,"date":"2023-04-11T18:22:39","date_gmt":"2023-04-11T16:22:39","guid":{"rendered":"https:\/\/ambasciatapraga.esteri.it\/?page_id=91"},"modified":"2025-02-17T15:35:45","modified_gmt":"2025-02-17T07:35:45","slug":"traduzione-e-legalizzazione-dei-documenti","status":"publish","type":"page","link":"https:\/\/ambmanila.esteri.it\/it\/servizi-consolari-e-visti\/servizi-per-il-cittadino-straniero\/traduzione-e-legalizzazione-dei-documenti\/","title":{"rendered":"Traduzione e legalizzazione dei documenti"},"content":{"rendered":"<div class=\"entry-content\">\n<p><strong>Legalizzazione per \u201cApostille\u201d di documenti emessi nelle Filippine<\/strong><\/p>\n<p>L\u2019Autorit\u00e0 competente per l\u2019apposizione dell\u2019Apostille nelle Filippine \u00e8 il Ministero degli Esteri locale: Department of Foreign Affairs (DFA), Office of Consula Affairs \u2013 Authentication Division.<br \/>\nAl fine di verificare gli Uffici \u2013 centrale e periferici \u2013 del suddetto Ente che sono autorizzati al servizio in parola si prega di accedere al sito web ufficiale del suddetto Ministero all\u2019indirizzo: <a href=\"https:\/\/dfa.gov.ph\/\">https:\/\/dfa.gov.ph\/<\/a><br \/>\nQuindi accedere alla pagina dedicata alle \u201cAuthentication\u201d.<\/p>\n<p>&nbsp;<\/p>\n<p><strong>Traduzione dei documenti<\/strong><\/p>\n<p>Per la traduzione dei documenti stranieri in lingua italiana e\u2019 possibile fare riferimento alle seguenti agenzie di traduzione (private).<br \/>\nSi fa presente che tale elenco non e\u2019 esaustivo delle Agenzie di traduzione che esercitano la professione nelle Filippine, ne\u2019 va inteso come vincolante.<\/p>\n<p>Si informa che l\u2019Ufficio Consolare provveder\u00e0 alla verifica di conformit\u00e0 di traduzione solo per gli atti, rilasciati dalle locali autorit\u00e0, che sono necessari per procedimenti da avviare presso questa Ambasciata (a titolo di esempio, atti di nascita di minori figli di cittadini italiani da registrare presso lo schedario consolare per la trasmissione e trascrizione al competente comune italiano; recenti atti di matrimonio tra cittadini italiani o tra italiano e straniero da trasmettere al comune competente e necessari anche al fine dell\u2019emissione del visto al coniuge straniero, atti di morte per decessi di cittadini italiani avvenuti nelle Filippine). Qualora le traduzioni di cui sopra presentino significativi errori non sanabili dall\u2019Ufficio consolare in fase di controllo, non potr\u00e0 essere rilasciata l\u2019attestazione di conformit\u00e0 del documento tradotto.<\/p>\n<p><strong>1. PHILIPPINE ITALIAN ASSOCIATION<\/strong><br \/>\n2\/F Zeta II Building<br \/>\n191 Salcedo Street<br \/>\nLegaspi Village 1229<br \/>\nMakati City, Philippines<br \/>\nCall Us<\/p>\n<p>Landline: +63 (2) 8-815 1310 (office hours only)<br \/>\nMobile: +63 (0)969 512 1739 (office hours only)<br \/>\nSkype: philippine.italian.association<br \/>\nFB\/Messenger: @philippineitalianassociation<\/p>\n<p>Email the PIA<br \/>\nphilippineitalianassociation@gmail.com (administration \/ translations \/ general inquiries)<br \/>\nfilital2@yahoo.com (language school \/ translations)<\/p>\n<p>&nbsp;<\/p>\n<\/div>\n","protected":false},"excerpt":{"rendered":"Legalizzazione per \u201cApostille\u201d di documenti emessi nelle Filippine L\u2019Autorit\u00e0 competente per l\u2019apposizione dell\u2019Apostille nelle Filippine \u00e8 il Ministero degli Esteri locale: Department of Foreign Affairs (DFA), Office of Consula Affairs \u2013 Authentication Division. Al fine di verificare gli Uffici \u2013 centrale e periferici \u2013 del suddetto Ente che sono autorizzati al servizio in parola si [&hellip;]","protected":false},"author":1,"featured_media":0,"parent":48,"menu_order":4,"comment_status":"closed","ping_status":"closed","template":"","meta":{"footnotes":""},"class_list":["post-91","page","type-page","status-publish","hentry"],"_links":{"self":[{"href":"https:\/\/ambmanila.esteri.it\/it\/wp-json\/wp\/v2\/pages\/91","targetHints":{"allow":["GET"]}}],"collection":[{"href":"https:\/\/ambmanila.esteri.it\/it\/wp-json\/wp\/v2\/pages"}],"about":[{"href":"https:\/\/ambmanila.esteri.it\/it\/wp-json\/wp\/v2\/types\/page"}],"author":[{"embeddable":true,"href":"https:\/\/ambmanila.esteri.it\/it\/wp-json\/wp\/v2\/users\/1"}],"replies":[{"embeddable":true,"href":"https:\/\/ambmanila.esteri.it\/it\/wp-json\/wp\/v2\/comments?post=91"}],"version-history":[{"count":7,"href":"https:\/\/ambmanila.esteri.it\/it\/wp-json\/wp\/v2\/pages\/91\/revisions"}],"predecessor-version":[{"id":4407,"href":"https:\/\/ambmanila.esteri.it\/it\/wp-json\/wp\/v2\/pages\/91\/revisions\/4407"}],"up":[{"embeddable":true,"href":"https:\/\/ambmanila.esteri.it\/it\/wp-json\/wp\/v2\/pages\/48"}],"wp:attachment":[{"href":"https:\/\/ambmanila.esteri.it\/it\/wp-json\/wp\/v2\/media?parent=91"}],"curies":[{"name":"wp","href":"https:\/\/api.w.org\/{rel}","templated":true}]}}