{"id":89,"date":"2023-04-11T18:22:07","date_gmt":"2023-04-11T16:22:07","guid":{"rendered":"https:\/\/ambasciatapraga.esteri.it\/?page_id=89"},"modified":"2026-04-01T17:07:42","modified_gmt":"2026-04-01T09:07:42","slug":"visti","status":"publish","type":"page","link":"https:\/\/ambmanila.esteri.it\/it\/servizi-consolari-e-visti\/servizi-per-il-cittadino-straniero\/visti\/","title":{"rendered":"Visti"},"content":{"rendered":"<p><strong>VUOI ANDARE IN ITALIA? HAI BISOGNO DI UN VISTO<\/strong><\/p>\n<p>Scopri qual \u00e8 il visto corretto in base alle tue esigenze. Informati su quali documenti preparare e dove poter presentare domanda di visto. Scopri come usare correttamente i differenti tipi di visto, quali sono i tuoi diritti e quali i tuoi doveri seguendo le indicazioni qui di seguito.<\/p>\n<p>&nbsp;<\/p>\n<p><strong>1. SCEGLI IL VISTO CORRETTO IN BASE ALLE TUE ESIGENZE E CONTROLLA QUALI SONO I DOCUMENTI NECESSARI. VUOI ANDARE IN ITALIA PER\u2026<\/strong><\/p>\n<ul>\n<li><a href=\"https:\/\/ambmanila.esteri.it\/it\/servizi-consolari-e-visti\/servizi-per-il-cittadino-straniero\/visti\/visto-per-affari\/\">Affari<\/a><\/li>\n<li><a href=\"https:\/\/ambmanila.esteri.it\/it\/servizi-consolari-e-visti\/servizi-per-il-cittadino-straniero\/visti\/congiunti-di-cittadini-ue\/\">Congiunti di cittadini UE<\/a><\/li>\n<li><a href=\"https:\/\/ambmanila.esteri.it\/it\/servizi-consolari-e-visti\/servizi-per-il-cittadino-straniero\/visti\/culto\/\">Culto<\/a><\/li>\n<li><a href=\"https:\/\/ambmanila.esteri.it\/it\/servizi-consolari-e-visti\/servizi-per-il-cittadino-straniero\/visti\/lavoro-subordinato\/\">Lavoro subordinato<\/a><\/li>\n<li><a href=\"https:\/\/ambmanila.esteri.it\/it\/servizi-consolari-e-visti\/servizi-per-il-cittadino-straniero\/visti\/congiunti-di-cittadini-non-ue-eea\/\">Ricongiungimento familiare<\/a><\/li>\n<li><a href=\"https:\/\/ambmanila.esteri.it\/it\/servizi-consolari-e-visti\/servizi-per-il-cittadino-straniero\/visti\/studio\/\">Studio<\/a><\/li>\n<li><a href=\"https:\/\/ambmanila.esteri.it\/it\/servizi-consolari-e-visti\/servizi-per-il-cittadino-straniero\/visti\/transito-marittimi\/\">Transito marittimi<\/a><\/li>\n<li><a href=\"https:\/\/ambmanila.esteri.it\/it\/servizi-consolari-e-visti\/servizi-per-il-cittadino-straniero\/visti\/turismo-visita-famiglia-amici\/\">Turismo-Visita famiglia\/amici<\/a><\/li>\n<li><a href=\"https:\/\/ambmanila.esteri.it\/it\/servizi-consolari-e-visti\/servizi-per-il-cittadino-straniero\/visti\/altre-tipologie-di-visto\/\">Altre tipologie di visto<\/a><\/li>\n<\/ul>\n<p>&nbsp;<\/p>\n<p><strong>2. DATI BIOMETRICI\u00a0<\/strong><\/p>\n<p>A seguito dell\u2019entrata in vigore del Decreto Legge 145\/2024, a decorrere dall\u201911 gennaio 2025, sar\u00e0 <u>obbligatorio procedere con l\u2019acquisizione delle impronte digitali dei richiedenti sia per i visti Schengen (tipo C), che per i visti d\u2019ingresso nazionali<\/u> (tipo D). I richiedenti dovranno dunque presentarsi <u>personalmente <\/u>al momento della domanda di visto. Si tratta di una procedura semplice e che richiede solo pochi minuti. Poich\u00e9 le informazioni sui dati biometrici saranno conservate per <strong>59 mesi<\/strong>, per eventuali successive richieste di visto non si dovranno prelevare nuovamente le impronte, e per la richiesta di visto non sar\u00e0 quindi necessario presentare richiesta di persona.<\/p>\n<p>L\u2019esenzione dall\u2019obbligo di raccolta delle impronte digitali \u00e8 prevista per un numero limitato di richiedenti visto: bambini di et\u00e0 inferiore ai 12 anni e persone per le quali la raccolta delle impronte digitali \u00e8 fisicamente impossibile. Sono altres\u00ec esentati, in occasione di visite ufficiali, i Capi di Stato e i membri del Governo, assieme ai componenti della delegazione al seguito e ai coniugi.<\/p>\n<p><strong>\u00a0<\/strong><\/p>\n<p><strong>3. DOVE FARE DOMANDA DI VISTO NELLE FILIPPINE<\/strong><\/p>\n<p>La domanda di visto pu\u00f2 essere presentata:<\/p>\n<p><strong>a) Presso l\u2019Ufficio Visti dell\u2019Ambasciata d\u2019Italia a Manila<\/strong>:<\/p>\n<p><u>Solo per visti diplomatici e per adozione<\/u>, previo appuntamento da richiedere tramite email a <a href=\"mailto:visti.manila@esteri.it\">visti.manila@esteri.it<\/a><\/p>\n<p><strong>\u00a0<\/strong><strong>b) Presso uno dei Centri visti in outsourcing <\/strong><strong>VFS Global Center<\/strong><\/p>\n<p>Tutti gli altri richiedenti sono incoraggiati a prenotare il proprio appuntamento sul sito web di VFS (<a href=\"https:\/\/visa.vfsglobal.com\/phl\/en\/ita\/\">| vfsglobal \u2013 vfsglobal<\/a>). In alternativa, possono recarsi presso uno dei quattro Centri Visti VFS per l\u2019Italia nelle Filippine senza previo appuntamento e presentare la propria domanda di visto usufruendo del servizio di walk-in, previo pagamento di una tariffa aggiuntiva.<\/p>\n<p>Le richieste di visto per l\u2019Italia saranno gestite dalla societ\u00e0 di outsourcing VFS Global attraverso i seguenti Visa Application Center:<\/p>\n<p>&nbsp;<\/p>\n<table>\n<tbody>\n<tr>\n<td width=\"66\">Manila<\/td>\n<td width=\"535\">Ground Floor, One Campus Place,Building A,<\/p>\n<p>McKinley Town Center, McKinly Hill,<\/p>\n<p>Fort Bonifacio,Taguig City, Metro Manila<\/td>\n<\/tr>\n<tr>\n<td width=\"66\">Cebu<\/td>\n<td width=\"535\">Unit 1001C &amp; 1004B, 10th Floor,<\/p>\n<p>Kepwealth Center Samar Loop, cor Cardinal Rosales Ave,<\/p>\n<p>Cebu City, 6000 Cebu<\/td>\n<\/tr>\n<tr>\n<td width=\"66\">Batangas<\/td>\n<td width=\"535\">Unit No. LS-18, Ground FloorXentro Mall Batangas TerminalDiversion Road<\/p>\n<p>Barangay Alangilan Batangas City- 4200 Batangas<\/td>\n<\/tr>\n<tr>\n<td width=\"66\">Davao<\/td>\n<td width=\"535\">FES 08, Second Floor<\/p>\n<p>Alfresco Area Felcris Centrale Quimpo Boulevard<\/p>\n<p>Davao City, 8000<\/td>\n<\/tr>\n<\/tbody>\n<\/table>\n<p>&nbsp;<\/p>\n<p><strong>Per ulteriori informazioni:<\/strong><\/p>\n<p><strong>VFS Call Center<\/strong><\/p>\n<p>Contact No: + 632 8528 2520<\/p>\n<p>Email:info.italyph@vfsglobal.com<\/p>\n<p>Website: <a href=\"https:\/\/visa.vfsglobal.com\/phl\/en\/ita\/\">https:\/\/visa.vfsglobal.com\/phl\/en\/ita\/<\/a><\/p>\n<p>I familiari di cittadini Italiani\/UE possono beneficiare di un canale preferenziale per la presentazione delle domande di visto direttamente presso gli uffici dell\u2019outsourcing.<\/p>\n<p>Per eventuali informazioni, si invitano gli interessati a consultare innanzitutto le sezioni \u2018<a href=\"https:\/\/ambmanila.esteri.it\/wp-content\/uploads\/2023\/08\/frequently-asked-questions.docx\">Domande Frequenti<\/a>\u2019 dell\u2019Ambasciata d\u2019Italia in Manila e del Ministero Affari Esteri e della Cooperazione Internazionale (<a href=\"https:\/\/www.esteri.it\/it\/sportello_info\/domandefrequenti\/\">Domande Frequenti \u2013 Ministero degli Affari Esteri e della Cooperazione Internazionale<\/a>).<\/p>\n<p>Per casi che esulino da quanto gi\u00e0 riscontrato in tali sezioni, si potr\u00e0 inviare una mail all\u2019indirizzo <a href=\"mailto:visti.manila@esteri.it\">visti.manila@esteri.it<\/a>.<\/p>\n<p>&nbsp;<\/p>\n<p><strong>4. DOVE FARE DOMANDA DA PALAU<\/strong><\/p>\n<p>A seguito del recente accordo fra l\u2019Unione Europea e le relative Autorit\u00e0, i cittadini di PALAU sono esentati dal visto Schengen per breve soggiorno (sino a 90 giorni ogni 180). In tutti gli altri casi, valgono le indicazioni riportate al precedente punto 3.<\/p>\n<p>&nbsp;<\/p>\n<p><strong>5. CHI PUO\u2019 FARE DOMANDA DI VISTO<\/strong><\/p>\n<p>Possono altres\u00ec presentare domanda di visto i cittadini di quei Paesi per cui \u00e8 previsto l\u2019obbligo di visto (controlla <a href=\"https:\/\/www.esteri.it\/it\/servizi-consolari-e-visti\/ingressosoggiornoinitalia\/visto_ingresso\/paesi_soggetti_visto\/\">qui<\/a> per conoscere per quali Paesi \u00e8 necessario) e che siano regolarmente residenti nelle Filippine.<\/p>\n<p><strong>\u00a0<\/strong><strong>Familiari di cittadini dell\u2019Unione Europea\/EEA<\/strong><\/p>\n<p>La normativa (Direttiva 2004\/38\/CE e D. Lgs. 30\/2007) prevede agevolazioni per i familiari dei cittadini dell\u2019UE\/EEA.<\/p>\n<p>Presso l\u2019ufficio dell\u2019 outsourcing \u00e8 prevista la trattazione prioritaria della pratica per i familiari di cittadini dell\u2019UE\/EEA (limitatamente a quelli identificati come tali dalla\u00a0<a href=\"https:\/\/ambmanila.esteri.it\/wp-content\/uploads\/2023\/08\/CELEX_32004L0038_en_TXT.pdf\">Direttiva 2004\/38\/CE<\/a>), ove \u00e8 possibile recarsi senza necessit\u00e0 di appuntamento nei giorni di apertura\u00a0 dalle ore 09:00 alle ore 12.00.<\/p>\n<p>Al fine di dimostrare la propria relazione di parentela, \u00e8 obbligatorio \u00a0esibire un documento di identit\u00e0 e \u2013 a seconda dei casi \u2013 di certificato di matrimonio, parentela o nascita, registrato presso le competenti Autorit\u00e0 italiane.<\/p>\n<p>In base alla normativa, per i congiunti di cittadini dell\u2019UE\/EEA sono previste facilitazioni documentali, si prega dunque di utilizzare la seguente <a href=\"https:\/\/ambmanila.esteri.it\/wp-content\/uploads\/2023\/08\/2.family-friends_visa_checklist2023.pdf\">checklist<\/a> per turismo e la seguente checklist in caso di ricongiungimento familiare (ai richiedenti visto per ricongiungimento familiare con cittadini dell\u2019UE\/EEA verr\u00e0 rilasciato un visto turistico Schengen di breve durata, che una volta in Italia sar\u00e0 possibile convertire in permesso di soggiorno presso la competente Questura).<\/p>\n<p>I diritti per i visti non vengono riscossi per i seguenti familiari di cittadini UE\/EEA, <u>quando accompagnano o raggiungono il cittadino UE\/EEA<\/u>, cos\u00ec come identificati dalla Direttiva 2004\/38\/CE e dal D Lgs 30\/2007:<\/p>\n<ol>\n<li>il coniuge;<\/li>\n<li>il partner che abbia contratto con il cittadino dell\u2019Unione un\u2019unione registrata sulla base della legislazione di uno Stato membro, qualora la legislazione dello Stato membro ospitante equipari l\u2019unione registrata al matrimonio e nel rispetto delle condizioni previste dalla pertinente legislazione dello Stato membro ospitante;<\/li>\n<li>i discendenti diretti <u>di et\u00e0 inferiore a 21 anni o a carico<\/u> e quelli del coniuge o partner;<\/li>\n<li>gli ascendenti diretti <u>a carico<\/u> e quelli del coniuge o partner.<\/li>\n<\/ol>\n<p>&nbsp;<\/p>\n<p><strong>QUANDO CHIEDERE UN VISTO SCHENGEN PER L\u2019ITALIA<\/strong><\/p>\n<p>I richiedenti visto Schengen possono fare richiesta all\u2019Ambasciata d\u2019Italia:<\/p>\n<ol>\n<li>quando l\u2019Italia \u00e8 l\u2019unico Paese destinazione del viaggio<\/li>\n<li>qualora il viaggio interessi pi\u00f9 di un Paese Schengen e l\u2019Italia sia la destinazione principale del viaggio in termini di durata o di finalit\u00e0 del soggiorno<\/li>\n<li>se la destinazione principale non pu\u00f2 essere determinata in base ai criteri dei punti a) e b), quando l\u2019Italia \u00e8 il Paese attraverso le cui frontiere esterne il richiedente intende entrare in area Schengen.<\/li>\n<\/ol>\n<p><strong>\u00a0<\/strong><\/p>\n<p><strong>QUANTO COSTA UN VISTO?<\/strong><\/p>\n<p><strong>Visti nazionali<\/strong>: 116 \u20ac<\/p>\n<p><strong>Visti tipo Schengen<\/strong>: 90 \u20ac<\/p>\n<ul>\n<li>per i minori di et\u00e0 compresa tra 6 e 12 anni: 45 \u20ac<\/li>\n<li>i cittadini di Paesi con cui l\u2019Unione Europea ha siglato accordi di facilitazione dei visti: 35 \u20ac. Per conoscere la lista dei Paesi in questione \u00e8 possibile consultare il sito della Commissione Europea alla seguente pagina: <a href=\"https:\/\/home-affairs.ec.europa.eu\/policies\/schengen-borders-and-visa\/visa-policy_en\">Visa policy &#8211; European Commission (europa.eu)<\/a>.<\/li>\n<\/ul>\n<p>&nbsp;<\/p>\n<p>I corrispettivi costi in valuta locale variano in funzione del tasso di ragguaglio consolare aggiornato trimestralmente e visibile presso gli uffici dell\u2019Ambasciata.<\/p>\n<p>&nbsp;<\/p>\n<table>\n<tbody>\n<tr>\n<td colspan=\"2\" width=\"601\">\n<p style=\"text-align: center;\">TASSO DI RAGGUAGLIO PER I MESI DI<\/p>\n<p style=\"text-align: center;\">APRILE \u2013 GIUGNO 2026<\/p>\n<\/td>\n<\/tr>\n<tr>\n<td width=\"321\">VSU \u2013 breve periodo (90 \u20ac)<\/td>\n<td width=\"280\">6211 PHP<\/td>\n<\/tr>\n<tr>\n<td width=\"321\">VSU \u2013 breve periodo per richiedenti di et\u00e0 compresa tra i 6 e i 12 anni (45 \u20ac)<\/td>\n<td width=\"280\">3106 PHP<\/td>\n<\/tr>\n<tr>\n<td width=\"321\">Visto Nazionale \u2013 lungo periodo (116 \u20ac)<\/td>\n<td width=\"280\">8006 PHP<\/td>\n<\/tr>\n<tr>\n<td width=\"321\">Visto Nazionale \u2013 lungo periodo &#8211; Studio (50 \u20ac)<\/td>\n<td width=\"280\">3451 PHP<\/td>\n<\/tr>\n<\/tbody>\n<\/table>\n<p>&nbsp;<\/p>\n<p><strong>I diritti per i visti non vengono riscossi<\/strong> per i richiedenti appartenenti a una delle categorie seguenti:<\/p>\n<ul>\n<li>minori di et\u00e0 inferiore ai sei anni;<\/li>\n<li>alunni, studenti, studenti gi\u00e0 laureati e insegnanti accompagnatori che intraprendono soggiorni per motivi di studio o formazione pedagogica;<\/li>\n<li>ricercatori di paesi terzi che si spostano a fini di ricerca scientifica ai sensi della raccomandazione 2005\/761\/CE del Parlamento europeo e del Consiglio, del 28 settembre 2005, diretta a facilitare il rilascio, da parte degli Stati membri, di visti uniformi di soggiorno di breve durata per i ricercatori di paesi terzi che si spostano nella Comunit\u00e0 a fini di ricerca scientifica;<\/li>\n<li>rappresentanti di organizzazioni senza fini di lucro di et\u00e0 non superiore ai venticinque anni che partecipano a seminari, conferenze, manifestazioni sportive, culturali o educative organizzati da organizzazioni senza fini di lucro;<\/li>\n<\/ul>\n<p>&nbsp;<\/p>\n<p>I seguenti familiari di cittadini UE\/EEA, quando accompagnano o raggiungono il cittadino UE\/EEA, cos\u00ec come identificati dalla Direttiva 2004\/38\/CE e dal D Lgs 30\/2007:<\/p>\n<p>a) coniuge;<\/p>\n<p>b) il partner che abbia contratto con il cittadino dell\u2019Unione un\u2019unione registrata sulla base della legislazione di uno Stato membro, qualora la legislazione dello Stato membro ospitante equipari l\u2019unione registrata al matrimonio e nel rispetto delle condizioni previste dalla pertinente legislazione dello Stato membro ospitante;<\/p>\n<p>c) i discendenti diretti <u>di et\u00e0 inferiore a 21 anni o a carico<\/u> e quelli del coniuge o partner di cui alla lettera b);<\/p>\n<p>d) gli ascendenti diretti <u>a carico<\/u> e quelli del coniuge o partner di cui alla lettera b)<\/p>\n<p>&nbsp;<\/p>\n<p>Sono altres\u00ec esentati i titolari di passaporto diplomatico e di servizio.<\/p>\n<p><strong><u>N.B.: Nessun altro costo aggiuntivo, oltre a quelli sopra elencati, \u00e8 previsto a carico del richiedente il visto. La richiesta di somme di denaro, a qualunque titolo, in cambio di promesse agevolazioni per l\u2019ottenimento del visto, costituisce grave violazione di legge perseguita penalmente.<\/u><\/strong><\/p>\n<p>&nbsp;<\/p>\n<p><strong>Servizi offerti dalla locale Societ\u00e0 di servizi esterni (VFS Global Center):<\/strong><\/p>\n<p>Qualora il richiedente intenda avvalersi dei servizi di outsourcing resi disponibili dalla societ\u00e0 VFS Global Center, ai costi citati in precedenza, dovuti all\u2019Ambasciata, potranno aggiungersi oneri aggiuntivi, in funzione degli eventuali servizi aggiuntivi richiesti.<\/p>\n<p>Per i dettagli ed i costi, si prega far riferimento al relativo <a href=\"https:\/\/visa.vfsglobal.com\/phl\/en\/ita\/\">sito internet<\/a>.<\/p>\n<p>&nbsp;<\/p>\n<p><strong> TEMPISTICHE DI LAVORAZIONE DELLE DOMANDE DI VISTO<\/strong><\/p>\n<p>La normativa Schengen prevede un tempo massimo di trattazione di 15 giorni, estendibile a 30 giorni qualora necessario (art. 23 del Codice Visti Schengen), mentre per i visti nazionali i tempi di trattazione possono essere estesi fino a 30 giorni per i visti per motivi familiari e lavoro subordinato, sino ai 120 giorni per lavoro autonomo. L\u2019Ambasciata d\u2019Italia in Manila \u00e8 impegnata a trattare ogni domanda di visto nel pi\u00f9 breve tempo possibile<\/p>\n<p>Si invitano comunque i richiedenti a fare domanda di visto con debito anticipo rispetto alla data di partenza prevista (almeno 15 giorni prima della partenza). La domanda di visto pu\u00f2 essere presentata al massimo 180 giorni prima della partenza prevista (270 per i marittimi).<\/p>\n<p>Ai normali tempi di lavorazione indicati, si possono aggiungere giorni per le domande presentate dai cittadini di Paesi sottoposti a consultazione di sicurezza.<\/p>\n<p>&nbsp;<\/p>\n<p><strong>INFORMAZIONI UTILI<\/strong><\/p>\n<p><strong>Paesi i cui cittadini sono esenti da Visto per brevi soggiorni.<\/strong><\/p>\n<p>I cittadini dei Paesi di cui alla <a href=\"https:\/\/www.esteri.it\/it\/servizi-consolari-e-visti\/ingressosoggiornoinitalia\/visto_ingresso\/paesi_esenti_visto\/\">seguente lista<\/a> sono invece <strong>esenti dall\u2019obbligo di visto <\/strong>d\u2019ingresso per soggiorni di durata massima di 90 giorni, per turismo, missione, affari, invito, gara sportiva e studio.<\/p>\n<p><strong>\u00a0<\/strong><\/p>\n<p><strong>L\u2019ottenimento del visto non d\u00e0 automaticamente diritto all\u2019ingresso dell\u2019area Schengen<\/strong><\/p>\n<p>Si attira l\u2019attenzione dei richiedenti visto sul fatto che il semplice possesso di un visto non conferisce automaticamente il diritto di ingresso nell\u2019area Schengen e che i titolari di un visto possono essere richiesti, una volta arrivati alla frontiera esterna dell\u2019area Schengen o in occasione di altri controlli, di fornire informazioni circa i mezzi di sostentamento, sulla durata del soggiorno previsto in area Schengen e sullo scopo del viaggio.<\/p>\n<p>Si raccomanda di portare con s\u00e9 copia dei documenti presentati in fase di domanda di visto (quali ad esempio, lettere di invito, prenotazioni alberghiere e aeree o altri documenti atti a dimostrare lo scopo del viaggio). Per maggiori informazioni, si veda l\u2019<a href=\"http:\/\/eur-lex.europa.eu\/legal-content\/IT\/TXT\/PDF\/?uri=CELEX:32006R0562&amp;from=IT\">art. 5 del Codice delle Frontiere Schengen<\/a>.<\/p>\n<p><strong>\u00a0<\/strong><\/p>\n<p><strong>Cosa succede in caso di rifiuto del visto<\/strong><\/p>\n<p>Eventuali decisioni negative relative alle domande di visto saranno notificate al richiedente. Nel provvedimento di rifiuto del visto sono indicati i motivi del rifiuto.<\/p>\n<p>Il richiedente la cui domanda \u00e8 stata rifiutata ha diritto di presentare nuova domanda di visto, integrando eventuali documenti mancanti, ovvero di proporre ricorso. Eventuali ricorsi devono essere presentati al T.A.R. del Lazio, con l\u2019assistenza di un legale, <u>entro 60 giorni dalla notifica del provvedimento di rifiuto<\/u>. Il ricorso deve essere notificato, <u>a pena di nullit\u00e0<\/u> (in base all\u2019art. 144 del C.P.C. e all\u2019art. 11 del R.D. n. 1611 del 1933), alla competente Avvocatura dello Stato.<\/p>\n<p>Solo per i visti per motivi familiari il ricorso va presentato al Tribunale ordinario del luogo di residenza del richiedente in Italia.<\/p>\n<p>&nbsp;<\/p>\n<p><strong>Come utilizzare correttamente un visto Schengen<\/strong><\/p>\n<p>Il visto Schengen d\u00e0 diritto a circolare nei Paesi dell\u2019area Schengen. \u00c8 possibile rimanere in area Schengen solamente per il numero di giorni indicati sul visto, che va utilizzato esclusivamente nel lasso temporale indicato \u201cdal\u201d \u201cal\u201d. La dicitura \u201cDurata del soggiorno \u2026 giorni\u201d indica il numero di giorni che \u00e8 possibile trascorrere nell\u2019area Schengen, a partire dalla data in cui si fa ingresso nel territorio Schengen (da contare sulla base dei timbri di ingresso e uscita). Il lasso temporale indicato \u201cDa\u2026a\u201d pu\u00f2 essere pi\u00f9 lungo rispetto alla \u201cDurata del soggiorno\u201d al fine di consentire una certa flessibilit\u00e0. Tuttavia non \u00e8 possibile rimanere in area Schengen pi\u00f9 giorni rispetto a quelli indicati sotto la voce \u201cDurata del soggiorno\u2026giorni\u201d. Inoltre non \u00e8 possibile soggiornare oltre la data indicata alla voce \u201cFino al\u201d.<\/p>\n<p>Il numero di ingressi concessi pu\u00f2 essere: uno, due o multipli. Si ricorda ai possessori di visti a ingressi multipli che in base alla normativa \u00e8 possibile rimanere all\u2019interno dell\u2019area Schengen per un massimo di 90 giorni ogni 180 giorni.<\/p>\n<p>Al fine di evitare over-staying e per sapere quanti giorni rimangono a disposizione rispetto a quelli gi\u00e0 utilizzati, \u00e8 possibile utilizzare (a titolo indicativo) il sistema di calcolo approntato dalla Commissione europea cliccando <a href=\"http:\/\/ec.europa.eu\/dgs\/home-affairs\/what-we-do\/policies\/borders-and-visas\/border-crossing\/schengen_calculator_en.html\">qui<\/a>.<\/p>\n<p><strong>\u00a0<\/strong><\/p>\n<p><strong>Come utilizzare correttamente un visto nazionale italiano<\/strong><\/p>\n<p>Una volta giunti in Italia con un visto nazionale italiano, \u00e8 necessario recarsi entro 8 giorni lavorativi presso la competente Questura della Provincia ove si intende risiedere per fare richiesta di Permesso di soggiorno. La durata del Permesso di soggiorno sar\u00e0 corrispondente a quella indicata sul visto. Il Permesso di soggiorno dovr\u00e0 essere rinnovato direttamente in Italia. Per individuare la Questura competente si invita a controllare il seguente <a href=\"http:\/\/questure.poliziadistato.it\/\">sito<\/a>.<\/p>\n<p><strong>\u00a0<\/strong><\/p>\n<p><strong>Reingresso<\/strong><\/p>\n<p>Le Autorit\u00e0 Italiane permettono ai titolari di regolare permesso di soggiorno in Italia di uscire e rientrare nel Paese anche quando il permesso sia scaduto, semprech\u00e9 l\u2019interessato abbia inoltrato domanda di rinnovo alla Questura competente. La ricevuta di presentazione della richiesta di rinnovo o anche la ricevuta postale di invio della suddetta richiesta, dovr\u00e0 essere presentata al controllo passaporti (Immigrazione) al momento della partenza dall\u2019Italia.<\/p>\n<p>Nei casi previsti dalla vigente normativa nazionale, si potr\u00e0 fare richiesta di visto di reingresso (vedasi sezione <a href=\"https:\/\/ambmanila.esteri.it\/it\/servizi-consolari-e-visti\/servizi-per-il-cittadino-straniero\/visti\/altre-tipologie-di-visto\/\">Altre tipologie di visto<\/a>).<\/p>\n<p>&nbsp;<\/p>\n<p><strong><u>NOTA: Si richiama l\u2019attenzione dei richiedenti Visto che l\u2019Ambasciata \u00e8 tenuta per legge a denunciare alle Autorit\u00e0 italiane chiunque fornisca documentazione falsa o falsificata.<\/u><\/strong><\/p>\n<p>&nbsp;<\/p>\n<p>Per ogni ulteriore informazione \u00e8 inoltre possibile consultare il sito <a href=\"https:\/\/vistoperitalia.esteri.it\/home.aspx\">Il visto per l&#8217;Italia (esteri.it)<\/a>, nonch\u00e9 quello della <a href=\"https:\/\/home-affairs.ec.europa.eu\/policies\/schengen-borders-and-visa\/visa-policy_en\">Commissione europea<\/a>.<\/p>\n<p><strong><a href=\"https:\/\/ambmanila.esteri.it\/wp-content\/uploads\/2024\/01\/Data-Protection_ITA.pdf\">Informativa sulla protezione delle persone fisiche con riguardo al trattamento dei dati personali ai fini del rilascio di un visto d\u2019ingresso in Italia e nell\u2019area Schengen.<\/a><\/strong><\/p>\n<p><strong>\u00a0<\/strong><\/p>\n<p><strong>DOCUMENTI DI UTILE CONSULTAZIONE<\/strong><\/p>\n<p><a href=\"https:\/\/ambmanila.esteri.it\/wp-content\/uploads\/2023\/08\/nuovo_modulo_visto_uniforme_it.docx\">MODULO RICHIESTA VISTO TIPO \u201cC\u201d, SCHENGEN<\/a>\u00a0(periodi inferiori a 90 giorni)<\/p>\n<p><a href=\"https:\/\/ambmanila.esteri.it\/wp-content\/uploads\/2023\/08\/applicationformnationalvisad2-5.pdf\">MODULO RICHIESTA VISTO TIPO \u201cD\u201d, NAZIONALE<\/a>\u00a0(periodi superiori a 90 giorni)<\/p>\n<p><a href=\"https:\/\/ambmanila.esteri.it\/wp-content\/uploads\/2023\/08\/frequently-asked-questions.docx\">DOMANDE FREQUENTI \/ FAQ<\/a><\/p>\n<p><a href=\"https:\/\/ambmanila.esteri.it\/wp-content\/uploads\/2023\/08\/listaarmonizzatafilippinecompleta.pdf\">LISTA ARMONIZZATA SCHENGEN<\/a><\/p>\n<p><a href=\"https:\/\/ambmanila.esteri.it\/wp-content\/uploads\/2025\/06\/List-of-Schengen-Insurance-Companies_11-June-2025.pdf\">LISTA COMPAGNIE ASSICURATIVE ACCREDITATE PER LE FILIPPINE<\/a><\/p>\n<p><a href=\"https:\/\/ambmanila.esteri.it\/wp-content\/uploads\/2023\/08\/prior_consultation_en.pdf\">LISTA STATI SOGGETTI A PREVIA CONSULTAZIONE<\/a><\/p>\n<p><a href=\"https:\/\/ambmanila.esteri.it\/wp-content\/uploads\/2024\/03\/Dichiarazione_Alloggio-Garanzia-1.pdf\">FAC-SIMILE LETTERA INVITO FAMILIARI<\/a><\/p>\n<p><a href=\"https:\/\/ambmanila.esteri.it\/wp-content\/uploads\/2024\/02\/MODELLO-INVITO-PER-AFFARI-nuovo.pdf\">FAC-SIMILE LETTERA INVITO PER AFFARI<\/a><\/p>\n<p><a href=\"https:\/\/ambmanila.esteri.it\/it\/chi-siamo\/\">Calendario festivit\u00e0 Ambasciata<\/a><\/p>\n<p><strong>SE HAI GIA\u2019 OTTENUTO IL VISTO<\/strong><\/p>\n<p><a href=\"https:\/\/ambmanila.esteri.it\/wp-content\/uploads\/2023\/08\/c_vers__generale_avviso_e_informazione_allo_straniero_per_visti_c_finale_dic2105-1.doc\"><i>Obblighi e doveri dello straniero per ingressi e soggiorni Schengen di breve durata \u2013\u00a0<strong>fino a 90 giorni<\/strong><\/i><\/a><i><\/i><\/p>\n<p><a href=\"https:\/\/ambmanila.esteri.it\/wp-content\/uploads\/2023\/08\/d_vers__generale_avviso_e_informazione_allo_straniero_per_visti_d_finale_dic2015-1.doc\"><i>Obblighi e doveri dello straniero per ingressi e soggiorni di lunga durata \u2013\u00a0<strong>oltre i 90 giorni<\/strong><\/i><\/a><i><\/i><\/p>\n<p><strong>\u00a0<\/strong><\/p>\n","protected":false},"excerpt":{"rendered":"VUOI ANDARE IN ITALIA? HAI BISOGNO DI UN VISTO Scopri qual \u00e8 il visto corretto in base alle tue esigenze. Informati su quali documenti preparare e dove poter presentare domanda di visto. Scopri come usare correttamente i differenti tipi di visto, quali sono i tuoi diritti e quali i tuoi doveri seguendo le indicazioni qui [&hellip;]","protected":false},"author":1,"featured_media":0,"parent":48,"menu_order":0,"comment_status":"closed","ping_status":"closed","template":"","meta":{"footnotes":""},"class_list":["post-89","page","type-page","status-publish","hentry"],"_links":{"self":[{"href":"https:\/\/ambmanila.esteri.it\/it\/wp-json\/wp\/v2\/pages\/89","targetHints":{"allow":["GET"]}}],"collection":[{"href":"https:\/\/ambmanila.esteri.it\/it\/wp-json\/wp\/v2\/pages"}],"about":[{"href":"https:\/\/ambmanila.esteri.it\/it\/wp-json\/wp\/v2\/types\/page"}],"author":[{"embeddable":true,"href":"https:\/\/ambmanila.esteri.it\/it\/wp-json\/wp\/v2\/users\/1"}],"replies":[{"embeddable":true,"href":"https:\/\/ambmanila.esteri.it\/it\/wp-json\/wp\/v2\/comments?post=89"}],"version-history":[{"count":6,"href":"https:\/\/ambmanila.esteri.it\/it\/wp-json\/wp\/v2\/pages\/89\/revisions"}],"predecessor-version":[{"id":6272,"href":"https:\/\/ambmanila.esteri.it\/it\/wp-json\/wp\/v2\/pages\/89\/revisions\/6272"}],"up":[{"embeddable":true,"href":"https:\/\/ambmanila.esteri.it\/it\/wp-json\/wp\/v2\/pages\/48"}],"wp:attachment":[{"href":"https:\/\/ambmanila.esteri.it\/it\/wp-json\/wp\/v2\/media?parent=89"}],"curies":[{"name":"wp","href":"https:\/\/api.w.org\/{rel}","templated":true}]}}