{"id":75,"date":"2023-04-11T18:20:20","date_gmt":"2023-04-11T16:20:20","guid":{"rendered":"https:\/\/ambasciatapraga.esteri.it\/?page_id=75"},"modified":"2025-09-22T10:37:44","modified_gmt":"2025-09-22T02:37:44","slug":"codice-fiscale","status":"publish","type":"page","link":"https:\/\/ambmanila.esteri.it\/it\/servizi-consolari-e-visti\/servizi-per-il-cittadino-italiano\/codice-fiscale\/","title":{"rendered":"Codice fiscale"},"content":{"rendered":"<p style=\"text-align: justify;\">Il codice fiscale \u00e8 il codice alfanumerico rilasciato dall\u2019Agenzia delle Entrate per identificare il cittadino nei rapporti con le amministrazioni pubbliche, i privati e gli enti italiani. Per le persone fisiche il codice fiscale viene determinato sulla base dei dati anagrafici.<\/p>\n<p style=\"text-align: justify;\">Qualsiasi adempimento amministrativo (versamento di tasse, imposte, canoni, ecc.) o attivit\u00e0 negoziale (accettazione di eredit\u00e0, contratti con soggetti pubblici o privati, richiesta di finanziamenti, sponsorizzazioni, locazioni o comodati di bene immobile ecc.) esige l\u2019indicazione del codice fiscale del soggetto che la effettua.<\/p>\n<p style=\"text-align: justify;\">I <strong>cittadini italiani residenti all\u2019estero<\/strong> possono chiedere il codice fiscale per il tramite dell\u2019Ufficio Consolare, oltre che <u>direttamente agli uffici dell\u2019Agenzia delle Entrate<\/u> dislocati sul territorio italiano, ai sensi dell\u2019art. 1 del D.M. attuativo del 17 maggio 2001, n. 281, tenuto conto dell\u2019ampia articolazione e capillare diffusione di uffici dell\u2019Agenzia dell\u2019Entrate in Italia.<\/p>\n<p>&nbsp;<\/p>\n<p style=\"text-align: justify;\">RICHIESTA TRAMITE E-MAIL<\/p>\n<p style=\"text-align: justify;\">Per richiedere il codice fiscale a questo Ufficio consolare, inviare all\u2019indirizzo di posta elettronica <a href=\"mailto:consolare.manila@esteri.it\">consolare.manila@esteri.it<\/a>:<\/p>\n<ul style=\"text-align: justify;\">\n<li>modulo di richiesta debitamente compilato e firmato (<a href=\"https:\/\/www.agenziaentrate.gov.it\/portale\/documents\/20143\/278893\/modello+editabile+AA4_8_AA4-8+ita.pdf\/e614eda6-701e-c62f-76e5-bdfcd731060a\">clicca qui<\/a>);<\/li>\n<li>copia di un documento d\u2019identit\u00e0 in corso di validit\u00e0 che mostri foto e dati anagrafici (non \u00e8 possibile accettare una patente di guida);<\/li>\n<li>prova di residenza nelle Filippine (solo utenza gas\/luce\/acqua o contratto di lavoro) con datazione massima risalente a 3 mesi prima della data di presentazione della richiesta.<\/li>\n<\/ul>\n<p style=\"text-align: justify;\">Prima di inviare il modulo di richiesta, accertarsi di poter inviare i documenti di cui sopra in uno dei seguenti formati (pdf, doc, docx, jpg, jpeg, png) e che le dimensioni non siano superiori ai 5Mb.<\/p>\n<p style=\"text-align: justify;\">In caso di <strong>richiesta per minori <\/strong>sar\u00e0 necessario inviare una copia di un documento d\u2019identit\u00e0 del minore e dell\u2019adulto richiedente e una copia del certificato di nascita o di altro documento (parte del passaporto o carta d\u2019identit\u00e0 che mostra i nomi dei genitori) comprovante che il richiedente ha diritto ad agire per conto del minore. In questo caso la prova di residenza deve essere intestata al genitore.<\/p>\n<p style=\"text-align: justify;\">RICHIESTA TRAMITE IL PORTALE FAST IT<\/p>\n<p style=\"text-align: justify;\">I cittadini italiani maggiorenni iscritti all\u2019AIRE possono chiedere il codice fiscale, per s\u00e9 e per i figli minori, attraverso il portale telematico Fast It accedendo al relativo servizio e seguendo le indicazioni.<\/p>\n<p style=\"text-align: justify;\"><em>Come?<\/em><\/p>\n<ol style=\"text-align: justify;\">\n<li>Accedere al Portale Fast It;<\/li>\n<li>Cliccare su \u201cAnagrafe Consolare e AIRE\u201d e poi su \u201cAttribuzione Codice Fiscale\u201d;<\/li>\n<li>Confermare i dati e avviare la richiesta;<\/li>\n<li>Dopo che la richiesta sar\u00e0 stata lavorata dall\u2019Ufficio consolare, si potr\u00e0 effettuare il download del certificato di attribuzione del Codice Fiscale.<\/li>\n<\/ol>\n<p style=\"text-align: justify;\"><em>Se non si riesce a scaricare il certificato di attribuzione del Codice Fiscale:<\/em><\/p>\n<ol style=\"text-align: justify;\">\n<li>Registrarsi sul <a href=\"https:\/\/serviziconsolari.esteri.it\/#_blank\">portale FAST IT<\/a> oppure accedere se si ha gi\u00e0 un account attivo;<\/li>\n<li>Richiedere la \u201cAssociazione Online\u201d cliccando su \u201cAnagrafe Consolare e AIRE\u201d e poi su \u201cVisualizzare la propria scheda anagrafica\u201d;<\/li>\n<li>Si ricever\u00e0 nella propria casella di posta il messaggio di avvenuta associazione.<\/li>\n<li>Accedere nuovamente al portale e scaricare il certificato.<\/li>\n<\/ol>\n<p style=\"text-align: justify;\">I cittadini maggiorenni iscritti all\u2019AIRE che hanno gi\u00e0 il codice fiscale possono <strong>scaricare direttamente il certificato di attestazione del codice fiscale attraverso il portale telematico Fast It<\/strong> accedendo al relativo servizio e seguendo le indicazioni fornite; in questo caso non sar\u00e0 necessario l\u2019intervento dell\u2019Ufficio consolare per il rilascio del certificato.<\/p>\n<p style=\"text-align: justify;\"><strong>Le Aziende o Societ\u00e0 devono richiedere il codice fiscale in Italia alla sede dell\u2019Agenzia delle Entrate competente per territorio nel luogo di registrazione\/sede dell\u2019Azienda\/Societ\u00e0 in Italia<\/strong>.<\/p>\n<p style=\"text-align: justify;\"><u>ATTENZIONE<\/u>: Il Codice Fiscale compare sulla Tessera Sanitaria, che ha una scadenza ed \u00e8 legata alla residenza in Italia. <u>Chi risiede all\u2019estero <strong>non<\/strong> ha diritto alla Tessera Sanitaria.<\/u><\/p>\n<p style=\"text-align: justify;\"><strong>Codice fiscale<\/strong><\/p>\n<ul style=\"text-align: justify;\">\n<li><a href=\"https:\/\/ambmanila.esteri.it\/wp-content\/uploads\/2023\/11\/Mod-AA4-8-ITA-e614eda6-701e-c62f-76e5-bdfcd731060a.pdf\">Modulo di richiesta attribuzione del codice fiscale \u2013 (Italian)<\/a><\/li>\n<li><a href=\"https:\/\/ambmanila.esteri.it\/wp-content\/uploads\/2023\/11\/Form-AA48-Editable_AA4_8_Modello_ENG.pdf\">Modulo di richiesta attribuzione del codice fiscale (English)<\/a><\/li>\n<\/ul>\n<p style=\"text-align: justify;\">\n","protected":false},"excerpt":{"rendered":"Il codice fiscale \u00e8 il codice alfanumerico rilasciato dall\u2019Agenzia delle Entrate per identificare il cittadino nei rapporti con le amministrazioni pubbliche, i privati e gli enti italiani. Per le persone fisiche il codice fiscale viene determinato sulla base dei dati anagrafici. Qualsiasi adempimento amministrativo (versamento di tasse, imposte, canoni, ecc.) o attivit\u00e0 negoziale (accettazione di [&hellip;]","protected":false},"author":1,"featured_media":0,"parent":47,"menu_order":6,"comment_status":"closed","ping_status":"closed","template":"","meta":{"footnotes":""},"class_list":["post-75","page","type-page","status-publish","hentry"],"_links":{"self":[{"href":"https:\/\/ambmanila.esteri.it\/it\/wp-json\/wp\/v2\/pages\/75","targetHints":{"allow":["GET"]}}],"collection":[{"href":"https:\/\/ambmanila.esteri.it\/it\/wp-json\/wp\/v2\/pages"}],"about":[{"href":"https:\/\/ambmanila.esteri.it\/it\/wp-json\/wp\/v2\/types\/page"}],"author":[{"embeddable":true,"href":"https:\/\/ambmanila.esteri.it\/it\/wp-json\/wp\/v2\/users\/1"}],"replies":[{"embeddable":true,"href":"https:\/\/ambmanila.esteri.it\/it\/wp-json\/wp\/v2\/comments?post=75"}],"version-history":[{"count":4,"href":"https:\/\/ambmanila.esteri.it\/it\/wp-json\/wp\/v2\/pages\/75\/revisions"}],"predecessor-version":[{"id":5508,"href":"https:\/\/ambmanila.esteri.it\/it\/wp-json\/wp\/v2\/pages\/75\/revisions\/5508"}],"up":[{"embeddable":true,"href":"https:\/\/ambmanila.esteri.it\/it\/wp-json\/wp\/v2\/pages\/47"}],"wp:attachment":[{"href":"https:\/\/ambmanila.esteri.it\/it\/wp-json\/wp\/v2\/media?parent=75"}],"curies":[{"name":"wp","href":"https:\/\/api.w.org\/{rel}","templated":true}]}}