{"id":72,"date":"2023-04-11T18:19:34","date_gmt":"2023-04-11T16:19:34","guid":{"rendered":"https:\/\/ambasciatapraga.esteri.it\/?page_id=72"},"modified":"2025-04-04T11:31:39","modified_gmt":"2025-04-04T03:31:39","slug":"pensioni-e-sicurezza-sociale","status":"publish","type":"page","link":"https:\/\/ambmanila.esteri.it\/it\/servizi-consolari-e-visti\/servizi-per-il-cittadino-italiano\/pensioni-e-sicurezza-sociale\/","title":{"rendered":"Pensioni e sicurezza sociale"},"content":{"rendered":"<p><strong>PAGAMENTO DELLE PENSIONI INPS ALL\u2019ESTERO<\/strong><\/p>\n<p><em><strong>Anni 2024 e 2025<\/strong><\/em><\/p>\n<p><strong>1. CAMPAGNA ANNUALE DI VERIFICA ESISTENZA IN VITA &#8211; MODALITA&#8217; CARTACEA<\/strong><\/p>\n<p>Per i pensionati residenti nelle Filippine, l\u2019INPS ha comunicato che Citibank avvier\u00e0 la spedizione del modulo di richiesta di attestazione di esistenza in vita e della lettera esplicativa (contenente le istruzioni per la compilazione del modulo di esistenza in vita; la richiesta di documentazione di supporto; le indicazioni per contattare il Servizio Citibank di assistenza ai pensionati) a partire dal 20 marzo 2024. Il modulo dovr\u00e0 essere\u00a0compilato in ogni sua parte, datato, firmato e controfirmato da un &#8220;testimone accettabile&#8221; e restituito insieme alla documentazione di supporto alla predetta banca entro il 18 luglio 2024, all&#8217;indirizzo &#8220;PO Box 4873, Worthing BN99 3BG, United Kingdom&#8221;.<\/p>\n<p>La tipologia di &#8220;testimone accettabile&#8221; per le diverse aree geografiche \u00e8 riportata nell&#8217;opuscolo &#8220;Domande Frequenti&#8221; pubblicato sul suto web di Citibank N.A.<\/p>\n<p>Qualora il processo di verifica non sia completato entro il suddetto termine del 18 luglio 2024, il pagamento della rata di agosto 2024 avverr\u00e0 in contanti presso le Agenzie di Western Union. In caso di mancata riscossione personale o di mancata produzione dell&#8217;attestazione di esistenza in vita entro il 19 agosto 2024, il pagamento della pensione sar\u00e0 sospeso dalla banca a partire dalla rata di settembre 2025.<\/p>\n<p>Per maggiori informazioni in merito all&#8217;avvio dell&#8217;accertamento e delle modalit\u00e0 da seguire per il completamento del processo \u00e8 possibile consultare il sito www.inps.citi.com<\/p>\n<p>&nbsp;<\/p>\n<p style=\"text-align: justify;\"><strong>2. ACCERTAMENTO ESISTENZA IN VITA TRAMITE VIDEOCHIAMATA<\/strong><\/p>\n<p>Per facilitare i connazionali coinvolti nella verifica generalizzata dell&#8217;esistenza in vita, la Farnesina, di concerto con l&#8217;Istituto Nazionale per la Previdenza Sociale e con Citibank, propone di assicurare la paternit\u00e0 del modulo d&#8217;attestazione di esistenza in vita anche attraverso videochiamata, con le modalit\u00e0 di seguito dettagliate:<\/p>\n<ul>\n<li>Il connazionale pensionato riceve per posta ordinaria da Citibank il modulo di richiesta di attestazione di esistenza in vita, contenente le sue generalit\u00e0 anagrafiche (cognome, nome e data di nascita), le codifiche INPS identificative della pensione, il numero INPS e il codice Citibank assegnatogli. Il connazionale dovr\u00e0 compilare il modulo in parola aggiungendo, oltre alla propria firma autografa e alla data di sottoscrizione, anche il proprio recapito telefonico e quello mail;<\/li>\n<li>Il connazionale invia copia digitale di tale modulo, e di un documento d\u2019identit\u00e0, al recapito di posta elettronica istituzionale dell&#8217;Ufficio Consolare (<a href=\"mailto:consolare.manila@esteri.it\">manila@esteri.it<\/a>) di questa Ambasciata. Sar\u00e0 cura del suddetto Ufficio ricontattare il connazionale utilizzando l\u2019indirizzo e-mail fornito dall\u2019interessato ne modello. Data e ora della videochiamata saranno stabiliti via mail. La videochiamata sar\u00e0 effettuata attraverso gli applicativi ad oggi pi\u00f9 diffusi quali, ad esempio, Zoom, Webex o Microsoft Teams. Eventualmente, la videochiamata sar\u00e0 effettuata anche tramite l\u2019applicazione WhatsApp.<\/li>\n<li>Attraverso tale modalit\u00e0 viene verificata <em>de visu<\/em> l&#8217;esistenza in vita del connazionale e la corrispondenza dei dati anagrafici contenuti nel modulo, gi\u00e0 pervenuto all&#8217;ufficio consolare tramite mail insieme alla copia digitale del documento d\u2019identit\u00e0, con i dati contenuti nel documento d\u2019identit\u00e0 originale che l&#8217;utente sar\u00e0 invitato ad esibire nel corso della videochiamata.<\/li>\n<li>Al termine del corretto espletamento della procedura, sar\u00e0 cura del funzionario dell&#8217;Ufficio Consolare abilitato al servizio on-line di Citibank attestare l&#8217;esistenza in vita del connazionale.<\/li>\n<\/ul>\n<p><strong>NB<\/strong>: si <em>segnala che tale procedura si aggiunge e non sostituisce le consuete modalit\u00e0 che prevedono la presenza fisica del pensionato presso un soggetto qualificato, il c.d. \u201ctestimone accettabile\u201d, abilitato ad avvallare la sottoscrizione del modulo di dichiarazione dell\u2019esistenza in vita. <\/em><em>Inoltre, Citibank N.A. ha resto disponibile agli altri operatori di Patronato all\u2019estero la facolt\u00e0 di utilizzare uno strumento di trasmissione telematica dei moduli ti attestazione dell\u2019esistenza in vita.<\/em><\/p>\n<p>Iinformazioni al riguardo potranno essere richieste alla Patronato ACLI Manila, PHILIPPINE \u2013 ITALIAN ASSOCIATION (PIA)<\/p>\n<p>Office hours: Tuesdays, Wednesdays, Thursdays, from 8:00 AM to 1:00 PM<\/p>\n<p>Email: <a href=\"mailto:manila@patronato.acli.it\">manila@patronato.acli.it<\/a> (pensions \/ mobility)<\/p>\n<p>FB\/Messenger: @PatronatoAcliFilippine<\/p>\n<p>Mobile: +63 (0)969 512 1739 (office hours only)\u201d<\/p>\n<p>&nbsp;<\/p>\n<p>Si rappresenta infine che la riscossione personale agli sportelli Western Union di almeno una delle rate entro il termine di restituzione dell\u2019attestazione indicato nelle lettere esplicative, costituir\u00e0\u2019 valida prova di esistenza in vita, sollevando il pensionato dall\u2019invio del modulo cartaceo a Citibank N.A.<\/p>\n<p>&nbsp;<\/p>\n<p>Una descrizione generale dei servizi in materia di pensioni, previdenza e sicurezza sociale all\u2019estero, si pu\u00f2 consultare la pagina dedicata sul sito Internet del <a class=\"\" href=\"https:\/\/www.esteri.it\/it\/servizi-consolari-e-visti\/italiani-all-estero\/sicurezzasociale\/\" data-focus-mouse=\"false\">Ministero degli Affari Esteri e della Cooperazione Internazionale<\/a><\/p>\n","protected":false},"excerpt":{"rendered":"PAGAMENTO DELLE PENSIONI INPS ALL\u2019ESTERO Anni 2024 e 2025 1. CAMPAGNA ANNUALE DI VERIFICA ESISTENZA IN VITA &#8211; MODALITA&#8217; CARTACEA Per i pensionati residenti nelle Filippine, l\u2019INPS ha comunicato che Citibank avvier\u00e0 la spedizione del modulo di richiesta di attestazione di esistenza in vita e della lettera esplicativa (contenente le istruzioni per la compilazione del [&hellip;]","protected":false},"author":1,"featured_media":0,"parent":47,"menu_order":10,"comment_status":"closed","ping_status":"closed","template":"","meta":{"footnotes":""},"class_list":["post-72","page","type-page","status-publish","hentry"],"_links":{"self":[{"href":"https:\/\/ambmanila.esteri.it\/it\/wp-json\/wp\/v2\/pages\/72","targetHints":{"allow":["GET"]}}],"collection":[{"href":"https:\/\/ambmanila.esteri.it\/it\/wp-json\/wp\/v2\/pages"}],"about":[{"href":"https:\/\/ambmanila.esteri.it\/it\/wp-json\/wp\/v2\/types\/page"}],"author":[{"embeddable":true,"href":"https:\/\/ambmanila.esteri.it\/it\/wp-json\/wp\/v2\/users\/1"}],"replies":[{"embeddable":true,"href":"https:\/\/ambmanila.esteri.it\/it\/wp-json\/wp\/v2\/comments?post=72"}],"version-history":[{"count":5,"href":"https:\/\/ambmanila.esteri.it\/it\/wp-json\/wp\/v2\/pages\/72\/revisions"}],"predecessor-version":[{"id":2768,"href":"https:\/\/ambmanila.esteri.it\/it\/wp-json\/wp\/v2\/pages\/72\/revisions\/2768"}],"up":[{"embeddable":true,"href":"https:\/\/ambmanila.esteri.it\/it\/wp-json\/wp\/v2\/pages\/47"}],"wp:attachment":[{"href":"https:\/\/ambmanila.esteri.it\/it\/wp-json\/wp\/v2\/media?parent=72"}],"curies":[{"name":"wp","href":"https:\/\/api.w.org\/{rel}","templated":true}]}}