{"id":69,"date":"2023-04-11T18:18:20","date_gmt":"2023-04-11T16:18:20","guid":{"rendered":"https:\/\/ambasciatapraga.esteri.it\/?page_id=69"},"modified":"2026-04-10T11:11:27","modified_gmt":"2026-04-10T03:11:27","slug":"assistenza-ai-cittadini-allestero","status":"publish","type":"page","link":"https:\/\/ambmanila.esteri.it\/it\/servizi-consolari-e-visti\/servizi-per-il-cittadino-italiano\/assistenza-ai-cittadini-allestero\/","title":{"rendered":"Assistenza ai cittadini all&#8217;estero"},"content":{"rendered":"<p><strong>Assistenza Sanitaria<\/strong><\/p>\n<p>Il sistema sanitario locale non prevede alcuna forma di tutela; e\u2019 esclusa anche la copertura delle prestazioni di pronto soccorso.<\/p>\n<p>Ricordiamo che il Servizio Sanitario Nazionale <strong><u>non<\/u><\/strong> copre le spese mediche eventualmente sostenute dai connazionali nelle Filippine; per tale ragione, <strong>si raccomanda vivamente di stipulare, prima della partenza, una polizza assicurativa &#8211; con un adeguato massimale &#8211; che preveda la copertura delle spese mediche, nonch\u00e9 l&#8217;eventuale rimpatrio aereo sanitario (o il trasferimento in altro Paese)\u00a0del paziente.\u00a0 \u00a0<\/strong><\/p>\n<p>Per informazioni sul rimborso delle spese sanitarie sostenute all\u2019estero, consultate la pagina del sito del Ministero della Salute\u00a0<a href=\"http:\/\/www.salute.gov.it\/portale\/ministro\/p4_8_0.jsp?lingua=italiano&amp;label=servizionline&amp;idMat=ASE&amp;idAmb=TRASF&amp;idSrv=RPL&amp;flag=P\"><strong>QUI<\/strong><\/a>.<\/p>\n<p>&nbsp;<\/p>\n<p><strong>Assistenza legale<\/strong><\/p>\n<p>L\u2019Ambasciata non ha un ufficio legale con avvocati abilitati alla professione nelle Filippine.<br \/>\nNel caso in cui un connazionale abbia problemi o dispute legali, di carattere civile o penale \u2013 (sia sotto indagine di polizia, sia accusato di reati, liberato su cauzione o in una situazione in cui le locali autorit\u00e0 di polizia o giudiziarie lo abbiano privato della libert\u00e0), l\u2019Ambasciata \u2013 oltre ad una assistenza\u00a0<strong>di carattere generale<\/strong>, pu\u00f2 fornire un elenco di professionisti locali con cui l\u2019interessato pu\u00f2 prendere contatto per il necessario patrocinio legale. L\u2019elenco degli studi legali di riferimento \u00e8 di seguito disponibile : \u201c<a href=\"https:\/\/ambmanila.esteri.it\/wp-content\/uploads\/2025\/10\/elenco_studi_legali_filippine.pdf\">Elenco studi legali Filippine\u201c<\/a><br \/>\nL\u2019elenco non \u00e8 esaustivo ne\u2019 va inteso come vincolante.<\/p>\n<p><strong>Legislazione in materia di stupefacenti:\u00a0<\/strong>La legislazione in materia di stupefacenti \u00e8, nelle Filippine, particolarmente severa.\u00a0<strong>Raccomandiamo vivamente<\/strong>\u00a0perci\u00f2, di evitare assolutamente ogni sostanza stupefacente, anche in modica quantit\u00e0 per uso personale. Infatti, in caso di controllo o ispezione delle locali autorit\u00e0 di polizia e ritrovamento anche di infime tracce di sostanze stupefacenti, oltre a far scattare il fermo di polizia e quindi messa in detenzione in attesa del processo penale, i rischi di multe ingenti e pene detentive pesantissime, non escluso l\u2019ergastolo, sono praticamente certi.<\/p>\n<p>Ulteriori informazioni sono presenti nel quadro \u2018Sicurezza\u2019 al paragrafo: \u201cNormative locali rilevanti\u201d del sito <a href=\"http:\/\/www.viaggiaresicuri.it\/\">www.viaggiaresicuri.it<\/a>\u00a0e selezionando come Paese le Filippine.<strong>\u00a0<\/strong><\/p>\n<p><strong>Legislazione in materia di protezione dei minori\u00a0:<\/strong>La locale normativa in materia di protezione dei minori contro abusi, sfruttamento, discriminazioni e altri scopi (R.A. 7610 del 1992), oltre a prevedere severissime pene reclusive \u2013 fino all\u2019ergastolo \u2013 e alte sanzioni pecuniarie per ogni tipo di abuso, atto osceno, traffico, sfruttamento ecc. per minori, prevede anche, come reato, alcune situazioni di responsabilit\u00e0 oggettiva, come ad esempio anche il solo accompagnarsi a minori (che non siano propri parenti) in luoghi pubblici o privati.<\/p>\n<p>Alla luce della suddetta previsione normativa e in considerazione che capita di frequente di allacciare rapporti di amicizia e\/o affetto con cittadine\/i filippini gi\u00e0 genitori di minori, si raccomanda vivamente di evitare ogni situazione in cui ci si accompagni a minori stranieri senza la contemporanea presenza del parente naturale.<\/p>\n<p>&nbsp;<\/p>\n<p><strong>Assistenza Sociale<\/strong><\/p>\n<p>Limitati servizi di assistenza sociale sono destinati ai connazionali che versano in una situazione di indigenza. Questi connazionali possono ricevere dall\u2019Ambasciata un aiuto (economico o di altro tipo) per superare, momentaneamente, la propria difficile situazione. I presupposti per ottenere l\u2019assistenza sono:<\/p>\n<ul>\n<li>cittadinanza italiana<\/li>\n<li>stato di indigenza<\/li>\n<li>residenza nella circoscrizione consolare<\/li>\n<\/ul>\n<p>L\u2019Ambasciata concentra le proprie risorse nell\u2019assistenza alla fascia pi\u00f9 povera di connazionali, sulla base dei seguenti criteri:<\/p>\n<ul>\n<li>reddito (priorit\u00e0 a coloro che ne sono totalmente sprovvisti, che non ricevono pensione o altri sussidi o hanno solo la pensione minima)<\/li>\n<li>et\u00e0 (priorit\u00e0 ai pi\u00f9 anziani)<\/li>\n<li>situazione di famiglia (priorit\u00e0 alle persone che non hanno abitazione o che non hanno familiari che li possano aiutare)<\/li>\n<li>salute (priorit\u00e0 a coloro che necessitano di cure prolungate e\/o molto onerose)<\/li>\n<li>familiari a carico con handicap fisici o mentali<\/li>\n<\/ul>\n","protected":false},"excerpt":{"rendered":"Assistenza Sanitaria Il sistema sanitario locale non prevede alcuna forma di tutela; e\u2019 esclusa anche la copertura delle prestazioni di pronto soccorso. Ricordiamo che il Servizio Sanitario Nazionale non copre le spese mediche eventualmente sostenute dai connazionali nelle Filippine; per tale ragione, si raccomanda vivamente di stipulare, prima della partenza, una polizza assicurativa &#8211; con [&hellip;]","protected":false},"author":1,"featured_media":0,"parent":47,"menu_order":3,"comment_status":"closed","ping_status":"closed","template":"","meta":{"footnotes":""},"class_list":["post-69","page","type-page","status-publish","hentry"],"_links":{"self":[{"href":"https:\/\/ambmanila.esteri.it\/it\/wp-json\/wp\/v2\/pages\/69","targetHints":{"allow":["GET"]}}],"collection":[{"href":"https:\/\/ambmanila.esteri.it\/it\/wp-json\/wp\/v2\/pages"}],"about":[{"href":"https:\/\/ambmanila.esteri.it\/it\/wp-json\/wp\/v2\/types\/page"}],"author":[{"embeddable":true,"href":"https:\/\/ambmanila.esteri.it\/it\/wp-json\/wp\/v2\/users\/1"}],"replies":[{"embeddable":true,"href":"https:\/\/ambmanila.esteri.it\/it\/wp-json\/wp\/v2\/comments?post=69"}],"version-history":[{"count":4,"href":"https:\/\/ambmanila.esteri.it\/it\/wp-json\/wp\/v2\/pages\/69\/revisions"}],"predecessor-version":[{"id":6347,"href":"https:\/\/ambmanila.esteri.it\/it\/wp-json\/wp\/v2\/pages\/69\/revisions\/6347"}],"up":[{"embeddable":true,"href":"https:\/\/ambmanila.esteri.it\/it\/wp-json\/wp\/v2\/pages\/47"}],"wp:attachment":[{"href":"https:\/\/ambmanila.esteri.it\/it\/wp-json\/wp\/v2\/media?parent=69"}],"curies":[{"name":"wp","href":"https:\/\/api.w.org\/{rel}","templated":true}]}}