{"id":5494,"date":"2025-09-22T10:14:30","date_gmt":"2025-09-22T02:14:30","guid":{"rendered":"https:\/\/ambmanila.esteri.it\/?page_id=5494"},"modified":"2025-09-22T10:14:30","modified_gmt":"2025-09-22T02:14:30","slug":"codice-fiscale","status":"publish","type":"page","link":"https:\/\/ambmanila.esteri.it\/it\/servizi-consolari-e-visti\/servizi-per-il-cittadino-straniero\/codice-fiscale\/","title":{"rendered":"Codice Fiscale"},"content":{"rendered":"<p style=\"text-align: justify;\"><span style=\"text-decoration: underline;\"><strong>Codice fiscale per cittadini stranieri<\/strong><\/span><\/p>\n<p style=\"text-align: justify;\">Il codice fiscale \u00e8 il codice alfanumerico rilasciato dall\u2019Agenzia delle Entrate per identificare il cittadino nei rapporti con le amministrazioni pubbliche, i privati e gli enti italiani.<\/p>\n<p style=\"text-align: justify;\">Il <strong>cittadino straniero<\/strong> non residente in Italia deve <strong>delegare appositamente un soggetto a presentare il modello di richiesta del Codice Fiscale direttamente agli uffici dell\u2019Agenzia delle Entrate dislocati sul territorio italiano<\/strong>, ai sensi dell\u2019art. 1 del D.M. attuativo del 17 maggio 2001, n. 281.<\/p>\n<p style=\"text-align: justify;\">Gli <strong>studenti<\/strong> <strong>stranieri <\/strong>che necessitino del codice fiscale per la preiscrizione all\u2019Universit\u00e0 possono ottenerlo automaticamente sul <a href=\"https:\/\/www.universitaly.it\/\">portale Universitaly<\/a> durante la domanda di preiscrizione. L\u2019attribuzione del codice fiscale potr\u00e0 essere perfezionata:<\/p>\n<ul style=\"text-align: justify;\">\n<li>presso lo Sportello Unico dell\u2019Immigrazione o dalla Questura al momento della richiesta del permesso di soggiorno, dagli <strong>studenti extra UE<\/strong>;<\/li>\n<li>dall\u2019Agenzia delle Entrate presentando il modulo AA4\/8, dagli <strong>studenti UE<\/strong>.<\/li>\n<\/ul>\n<p style=\"text-align: justify;\">I cittadini stranieri che necessitino del codice fiscale per l\u2019<strong>acquisto di immobili o per altre attivit\u00e0 commerciali\/finanziarie<\/strong> da svolgere in Italia possono delegare un loro rappresentante a richiedere il codice fiscale all\u2019Agenzia delle Entrate per proprio conto.<\/p>\n<p style=\"text-align: justify;\">Ai <strong>cittadini di Paesi extra UE che intendono soggiornare in Italia<\/strong> il codice fiscale \u00e8 attribuito:<\/p>\n<ul style=\"text-align: justify;\">\n<li>dallo Sportello unico per l\u2019Immigrazione, presente in ogni Prefettura e competente per il rilascio del nulla osta all\u2019ingresso ai cittadini stranieri che richiedono il permesso di soggiorno per lavoro dipendente o ricongiungimento familiare;<\/li>\n<li>dalla Questura, ufficio della Polizia di Stato, per i cittadini stranieri che richiedono altre tipologie di permessi di soggiorno.<\/li>\n<\/ul>\n<p style=\"text-align: justify;\">I <strong>cittadini di Paesi UE che intendono soggiornare in Italia<\/strong> possono chiedere il codice fiscale presentando il modello AA4\/8 a un Ufficio territoriale dell\u2019Agenzia delle entrate. La richiesta deve essere motivata e accompagnata da un documento in corso di validit\u00e0 (passaporto o carta d\u2019identit\u00e0 valida per l\u2019espatrio).<\/p>\n<p style=\"text-align: justify;\">Il cittadino straniero che necessiti del codice fiscale per <strong>l\u2019avvio di un procedimento giudiziario in Italia<\/strong> potr\u00e0 includere tra le deleghe attribuite all\u2019avvocato cui affida l\u2019incarico quella di richiedere il codice fiscale presso un qualunque ufficio dell\u2019Agenzia delle Entrate.<\/p>\n<p style=\"text-align: justify;\">Gli indirizzi degli uffici dell\u2019Agenzia delle Entrate sono reperibili sul sito Internet <a href=\"http:\/\/www.agenziaentrate.it\/\">www.agenziaentrate.it<\/a>.<\/p>\n<p style=\"text-align: justify;\">Il Codice Fiscale pu\u00f2 essere chiesto dal cittadino straniero all\u2019Ufficio consolare italiano competente per residenza <strong><u>solo nei casi in cui il cittadino straniero sia impossibilitato a delegare un incaricato<\/u><\/strong> per la richiesta all\u2019Agenzia delle Entrate: in tal caso inviare all\u2019indirizzo di posta elettronica <a href=\"mailto:consolare.manila@esteri.it\">consolare.manila@esteri.it<\/a>:<\/p>\n<ul style=\"text-align: justify;\">\n<li>modulo di richiesta debitamente compilato e firmato (<a href=\"https:\/\/www.agenziaentrate.gov.it\/portale\/documents\/20143\/278893\/modello+editabile+AA4_8_AA4-8+ita.pdf\/e614eda6-701e-c62f-76e5-bdfcd731060a\">clicca qui<\/a>);<\/li>\n<li>copia di un documento d\u2019identit\u00e0 in corso di validit\u00e0 che mostri foto e dati anagrafici (non \u00e8 possibile accettare una patente di guida);<\/li>\n<li>prova di residenza nelle Filippine (solo utenza gas\/luce\/acqua o contratto di lavoro) con datazione massima risalente a 3 mesi prima della data di presentazione della richiesta;<\/li>\n<li>motivazioni della richiesta<\/li>\n<\/ul>\n<p style=\"text-align: justify;\">Prima di inviare il modulo di richiesta, accertarsi di poter inviare i documenti di cui sopra in uno dei seguenti formati (pdf, doc, docx, jpg, jpeg, png) e che le dimensioni non siano superiori ai 5Mb.<\/p>\n<p style=\"text-align: justify;\">In caso di <strong>richiesta per minori <\/strong>sar\u00e0 necessario inviare una copia di un documento d\u2019identit\u00e0 del minore e dell\u2019adulto richiedente e una copia del certificato di nascita o di altro documento (parte del passaporto o carta d\u2019identit\u00e0 che mostra i nomi dei genitori) comprovante che il richiedente ha diritto ad agire per conto del minore. In questo caso la prova di residenza deve essere intestata al genitore.<\/p>\n<p style=\"text-align: justify;\">\n<p style=\"text-align: justify;\">\n","protected":false},"excerpt":{"rendered":"Codice fiscale per cittadini stranieri Il codice fiscale \u00e8 il codice alfanumerico rilasciato dall\u2019Agenzia delle Entrate per identificare il cittadino nei rapporti con le amministrazioni pubbliche, i privati e gli enti italiani. Il cittadino straniero non residente in Italia deve delegare appositamente un soggetto a presentare il modello di richiesta del Codice Fiscale direttamente agli [&hellip;]","protected":false},"author":4,"featured_media":0,"parent":48,"menu_order":0,"comment_status":"closed","ping_status":"closed","template":"","meta":{"footnotes":""},"class_list":["post-5494","page","type-page","status-publish","hentry"],"_links":{"self":[{"href":"https:\/\/ambmanila.esteri.it\/it\/wp-json\/wp\/v2\/pages\/5494","targetHints":{"allow":["GET"]}}],"collection":[{"href":"https:\/\/ambmanila.esteri.it\/it\/wp-json\/wp\/v2\/pages"}],"about":[{"href":"https:\/\/ambmanila.esteri.it\/it\/wp-json\/wp\/v2\/types\/page"}],"author":[{"embeddable":true,"href":"https:\/\/ambmanila.esteri.it\/it\/wp-json\/wp\/v2\/users\/4"}],"replies":[{"embeddable":true,"href":"https:\/\/ambmanila.esteri.it\/it\/wp-json\/wp\/v2\/comments?post=5494"}],"version-history":[{"count":1,"href":"https:\/\/ambmanila.esteri.it\/it\/wp-json\/wp\/v2\/pages\/5494\/revisions"}],"predecessor-version":[{"id":5496,"href":"https:\/\/ambmanila.esteri.it\/it\/wp-json\/wp\/v2\/pages\/5494\/revisions\/5496"}],"up":[{"embeddable":true,"href":"https:\/\/ambmanila.esteri.it\/it\/wp-json\/wp\/v2\/pages\/48"}],"wp:attachment":[{"href":"https:\/\/ambmanila.esteri.it\/it\/wp-json\/wp\/v2\/media?parent=5494"}],"curies":[{"name":"wp","href":"https:\/\/api.w.org\/{rel}","templated":true}]}}