{"id":46,"date":"2023-04-11T18:11:52","date_gmt":"2023-04-11T16:11:52","guid":{"rendered":"https:\/\/ambasciatapraga.esteri.it\/?page_id=46"},"modified":"2025-06-19T15:24:57","modified_gmt":"2025-06-19T07:24:57","slug":"cooperazione-allo-sviluppo","status":"publish","type":"page","link":"https:\/\/ambmanila.esteri.it\/it\/italia-e-filippine\/cooperazione-allo-sviluppo\/","title":{"rendered":"Cooperazione allo sviluppo"},"content":{"rendered":"<p style=\"text-align: justify;\"><span style=\"text-decoration: underline;\"><strong>AICS HANOI (Sede competente per le Filippine).<\/strong><\/span><\/p>\n<p style=\"text-align: justify;\">La <a href=\"https:\/\/hanoi.aics.gov.it\/paesi\/vietnam\/\">Sede AICS di Hanoi<\/a> \u00e8 una delle diciannove sedi estere dell\u2019Agenzia Italiana per la Cooperazione allo Sviluppo, nata con la legge di riforma della cooperazione (Legge n.\u00a0<a href=\"http:\/\/www.normattiva.it\/uri-res\/N2Ls?urn:nir:stato:legge:2014-08-11;125!vig=2018-07-27\">125\/2014<\/a>).<\/p>\n<p style=\"text-align: justify;\">Il compito dell&#8217;Agenzia \u00e8 quello di svolgere le attivit\u00e0 di carattere tecnico-operativo connesse alle fasi di istruttoria, formulazione, finanziamento, gestione e controllo delle iniziative di cooperazione internazionale.<\/p>\n<p style=\"text-align: justify;\">La sede AICS di Hanoi \u00e8 operativa dall\u2019aprile 2022 e per mandato della delibera del Comitato Congiunto (114\/21) ha competenza \u201csu tutti i Paesi dell\u2019area estremo-orientale non gi\u00e0 assegnati alla competenza di altri Uffici, nonch\u00e9 su programmi regionali che insistono in almeno uno di questi Paesi.\u201d<\/p>\n<p style=\"text-align: justify;\">In tutta l\u2019area AICS Hanoi si occupa quindi di perseguire le 5P (Persone, Pianeta, Pace, Prosperit\u00e0, Partenariato) dell\u2019Agenda per lo Sviluppo Sostenibile attraverso l\u2019implementazione delle iniziative in conformit\u00e0 con il sistema Italia di cooperazione.<\/p>\n<p style=\"text-align: justify;\">Nel maggio del 2024 \u00e8 stato aperto l\u2019Ufficio di Progetto a Giacarta per rafforzare il Partenariato Italia-ASEAN nel settore della cooperazione allo sviluppo.<\/p>\n<p>&nbsp;<\/p>\n<p style=\"text-align: justify;\"><span style=\"text-decoration: underline;\"><strong>\u00a0<\/strong><strong>FILIPPINE: COOPERAZIONE ALLO SVILUPPO.<\/strong><\/span><\/p>\n<p style=\"text-align: justify;\">Al pari di altri Paesi del Sud-est asiatico, le Filippine non rientrano tra i Paesi \u201cprioritari\u201d per la Cooperazione italiana e, di conseguenza, non beneficiano di nuovi fondi per iniziative di cooperazione allo sviluppo. Dal 2020 l\u2019Italia ha acquisito lo status di Partner per lo Sviluppo dell\u2019Associazione dei Paesi del Sud-est asiatico, ASEAN, rafforzando ulteriormente la propria cooperazione all\u2019interno della Regione. In tale ambito, l\u2019Italia collabora con le Filippine promuovendo iniziative regionali nei settori della sicurezza alimentare, sviluppo economico e della protezione ambientale. Le Filippine sono coinvolte nelle componenti progettuali relative al rafforzamento delle politiche, strategie e strumenti di settore, nonch\u00e9 nelle attivit\u00e0 di formazione e potenziamento delle capacit\u00e0.<\/p>\n<p>&nbsp;<\/p>\n<p style=\"text-align: justify;\"><span style=\"text-decoration: underline;\"><strong>CONVERSIONE DEL DEBITO.<\/strong><\/span><\/p>\n<p style=\"text-align: justify;\">Nel contesto delle\u00a0<em>Linee guida e indicazioni per la programmazione 2011-2013<\/em>\u00a0della Direzione Generale per la Cooperazione allo Sviluppo (DGCS) del MAECI, le Filippine sono state individuate come destinatarie di un programma di conversione del debito promosso dal Governo italiano. In data 29 maggio 2012 \u00e8 stato sottoscritto un Accordo di conversione tra i due governi, per un valore complessivo di \u20ac 2.916.919,45, destinato a finanziare progetti di sviluppo finalizzati alla protezione ambientale e alla riduzione della povert\u00e0 nelle aree pi\u00f9 svantaggiate del Paese.<\/p>\n<p style=\"text-align: justify;\">L\u2019accordo, inizialmente previsto per una durata triennale, \u00e8 stato successivamente prorogato in pi\u00f9 occasioni a partire dal 2018. Nel mese di ottobre 2024, \u00e8 stata approvata un\u2019ulteriore estensione, che porter\u00e0 la scadenza dell\u2019intesa al 31 dicembre 2025. Attualmente, \u00e8 in corso la definizione delle attivit\u00e0 progettuali da attuare nell\u2019ambito di questa proroga.<\/p>\n<p>&nbsp;<\/p>\n<p style=\"text-align: justify;\"><span style=\"text-decoration: underline;\"><strong>ASSISTENZA TECNICA AL PROGRAMMA DI RIFORMA AGRARIA PER LO SVILUPPO COMUNITARIO.<\/strong><\/span><\/p>\n<p style=\"text-align: justify;\">Il programma \u201cAssistenza tecnica al programma di riforma agraria per lo sviluppo comunitario\u201d \u00e8 stato deliberato il 14 ottobre 2008 dal Comitato Direzionale DGCS per un credito d\u2019aiuto pari a \u20ac 26.190.016,00. Nel marzo 2011 \u00e8 seguita la firma del Memorandum d\u2019intesa tra i due Paesi che ha sancito l\u2019avvio delle attivit\u00e0 progettuali.<\/p>\n<p style=\"text-align: justify;\">L\u2019iniziativa mirava al miglioramento delle condizioni di vita di circa 53.000 famiglie in 35 comunit\u00e0 coinvolte dalla riforma agraria, nelle province di Sarangani e Sultan Kudarat nella Regione XII, e Manguidanao e Lanao del Sur nella Regione autonoma della Mindanao Musulmana (oggi Regione autonoma del Bangsamoro nel Mindanao Musulmano, BARMM) attraverso il finanziamento di progetti infrastrutturali, di formazione professionale e di sostegno all\u2019imprenditoria agricola.<\/p>\n<p style=\"text-align: justify;\">Il programma conclusosi il 31 ottobre 2021 ha realizzato le seguenti componenti di progetto:<\/p>\n<ul style=\"text-align: justify;\">\n<li style=\"text-align: justify;\">la riabilitazione e la nuova costruzione di strade di collegamento tra aziende agricole e mercati per un totale di 108,626 km;<\/li>\n<li style=\"text-align: justify;\">la costruzione di 2 ponti nella provincia di Sarangani;<\/li>\n<li style=\"text-align: justify;\">la riabilitazione e costruzione di sistemi di irrigazione;<\/li>\n<li style=\"text-align: justify;\">la realizzazione di 8 magazzini destinati allo stoccaggio e 30 essiccatoi solari;<\/li>\n<li style=\"text-align: justify;\">la costruzione di 8 edifici polifunzionali e tre 3 centri di assistenza diurna con finalit\u00e0 sociale.<\/li>\n<\/ul>\n<p>&nbsp;<\/p>\n","protected":false},"excerpt":{"rendered":"AICS HANOI (Sede competente per le Filippine). La Sede AICS di Hanoi \u00e8 una delle diciannove sedi estere dell\u2019Agenzia Italiana per la Cooperazione allo Sviluppo, nata con la legge di riforma della cooperazione (Legge n.\u00a0125\/2014). Il compito dell&#8217;Agenzia \u00e8 quello di svolgere le attivit\u00e0 di carattere tecnico-operativo connesse alle fasi di istruttoria, formulazione, finanziamento, gestione [&hellip;]","protected":false},"author":1,"featured_media":0,"parent":14,"menu_order":6,"comment_status":"closed","ping_status":"closed","template":"","meta":{"footnotes":""},"class_list":["post-46","page","type-page","status-publish","hentry"],"_links":{"self":[{"href":"https:\/\/ambmanila.esteri.it\/it\/wp-json\/wp\/v2\/pages\/46","targetHints":{"allow":["GET"]}}],"collection":[{"href":"https:\/\/ambmanila.esteri.it\/it\/wp-json\/wp\/v2\/pages"}],"about":[{"href":"https:\/\/ambmanila.esteri.it\/it\/wp-json\/wp\/v2\/types\/page"}],"author":[{"embeddable":true,"href":"https:\/\/ambmanila.esteri.it\/it\/wp-json\/wp\/v2\/users\/1"}],"replies":[{"embeddable":true,"href":"https:\/\/ambmanila.esteri.it\/it\/wp-json\/wp\/v2\/comments?post=46"}],"version-history":[{"count":7,"href":"https:\/\/ambmanila.esteri.it\/it\/wp-json\/wp\/v2\/pages\/46\/revisions"}],"predecessor-version":[{"id":5206,"href":"https:\/\/ambmanila.esteri.it\/it\/wp-json\/wp\/v2\/pages\/46\/revisions\/5206"}],"up":[{"embeddable":true,"href":"https:\/\/ambmanila.esteri.it\/it\/wp-json\/wp\/v2\/pages\/14"}],"wp:attachment":[{"href":"https:\/\/ambmanila.esteri.it\/it\/wp-json\/wp\/v2\/media?parent=46"}],"curies":[{"name":"wp","href":"https:\/\/api.w.org\/{rel}","templated":true}]}}