{"id":3772,"date":"2024-11-18T16:50:34","date_gmt":"2024-11-18T08:50:34","guid":{"rendered":"https:\/\/ambmanila.esteri.it\/?page_id=3772"},"modified":"2024-11-19T17:12:23","modified_gmt":"2024-11-19T09:12:23","slug":"banca-asiatica-di-sviluppo-2","status":"publish","type":"page","link":"https:\/\/ambmanila.esteri.it\/it\/servizi-consolari-e-visti\/servizi-per-il-cittadino-italiano\/aire-anagrafe-italiani-residenti-allestero\/banca-asiatica-di-sviluppo-2\/","title":{"rendered":"Banca Asiatica di Sviluppo"},"content":{"rendered":"<p>La Banca Asiatica di Sviluppo (Asian Development Bank &#8211; ADB) \u00e8 una banca multilaterale di sviluppo regionale <strong>fondata nel 1966 da 31 Paesi, tra cui l\u2019Italia, con sede a Manila.<\/strong><\/p>\n<p>Ad oggi conta 69 Stati Membri che da azionisti contribuiscono ai fondi della Banca per favorire lo sviluppo economico e sociale della regione Asia-Pacifico tramite prestiti, sovvenzioni, garanzie e assistenze tecniche.<\/p>\n<p>La struttura del capitale della ADB offre i massimi livelli di sicurezza per gli investitori e i partner tramite una efficace governance ed una gestione finanziaria ai massimi standard internazionali. Le principali agenzie di rating del credito assegnano infatti alla ADB il punteggio massimo di tripla-A.<\/p>\n<p>Sostenuta da un solido bilancio e appoggiata da azionisti sovrani, la ADB offre garanzie dei pagamenti relativi a progetti di sviluppo maggiori rispetto a banche commerciali o entit\u00e0 private. Tale affidabilit\u00e0 \u00e8 ulteriormente supportata da procedure di assegnazione bandi trasparenti e accessibili.<\/p>\n<hr \/>\n<h3><strong>POSIZIONE ITALIANA NELLA BANCA<\/strong><\/h3>\n<p><strong>L&#8217;Italia \u00e8 un membro fondatore della ADB e detiene l\u20191,8% delle azioni della Banca. Ad oggi ha sottoscritto un totale di 2,57 miliardi di dollari di capitale.<\/strong><\/p>\n<p>L\u2019Italia \u00e8 rappresentata nel Consiglio dei Governatori della Banca dal Governatore della Banca d\u2019Italia Fabio Panetta e\u00a0 dalla Dott.sa Francesca Utili del Ministero dell\u2019Economia e delle Finanze, come Vice Governatore.<\/p>\n<p><strong>L\u2019Italia ha attualmente la Presidenza del Consiglio dei Governatori in quanto ospiter\u00e0 la prossima riunione annuale della ADB (a Milano 4 &#8211; 7 maggio 2025).<\/strong><\/p>\n<p>L\u2019Italia fa parte di un Costituency Office, di cui fanno parte oltre al nostro paese Francia, Spagna, Portogallo, Svizzera, Belgio e prossimamente anche Israele.<\/p>\n<p>Presso il Costituency Office viene nominato a rotazione un Direttore Esecutivo alternato ogni 3 anni tra Italia e Francia (i due Paesi con le maggiori azioni nella Constituency Office).<\/p>\n<p>Il Direttore Esecutivo della Constituency rappresenta gli interessi e le istituzioni dei Paesi sopracitati all\u2019interno del Consiglio dei Direttori della Banca.<\/p>\n<p>Attualmente il Direttore Esecutivo \u00e8 il francese Bertrand Furno.<\/p>\n<hr \/>\n<h3><strong>IMPRESE\/ENTITA\u2019 ITALIANE NEI PROGETTI ADB<\/strong><\/h3>\n<p>Dal 1966 ad oggi, sono stati assegnati 670 contratti di beni, lavori e servizi correlati per un valore di 1,51 miliardi di dollari e 397 contratti di consulenza per un valore di 248,09 milioni di dollari ad appaltatori, fornitori e consulenti italiani. <strong>Questi dati fanno dell\u2019Italia il 25\u00b0 Paese nella classifica dei principali fornitori di lavori, beni e servizi della Banca.<\/strong><\/p>\n<p>Al fine di promuovere <strong>la partecipazione delle imprese ai progetti finanziati <\/strong>la Banca promuove iniziative quali la <strong><a href=\"https:\/\/www.facebook.com\/share\/p\/15UdF3PzLH\/\">Business Opportunities Fair (BOF)<\/a> . <\/strong>Dedicata a consulenti, appaltatori, produttori, fornitori e organizzazioni della societ\u00e0 civile, la BOF rappresenta un&#8217;importante occasione per stabilire contatti con funzionari della Banca in settori strategici come energia, trasporti, risorse idriche, sviluppo urbano, cambiamento climatico, agricoltura, ambiente, amministrazione pubblica, finanza, sanit\u00e0 e istruzione.<\/p>\n<p>Durante l&#8217;evento vengono presentati i progetti pianificati per i successivi due o tre anni, e si tengono conferenze e seminari che aggiornano i partecipanti sulle attivit\u00e0 della Banca, i requisiti per collaborare con l&#8217;ADB e le politiche di approvvigionamento. Ci\u00f2 consente ai partecipanti di identificare in anticipo le opportunit\u00e0 di interesse e prepararsi adeguatamente ai bandi.<\/p>\n<hr \/>\n<p>&nbsp;<\/p>\n<p>&nbsp;<\/p>\n","protected":false},"excerpt":{"rendered":"La Banca Asiatica di Sviluppo (Asian Development Bank &#8211; ADB) \u00e8 una banca multilaterale di sviluppo regionale fondata nel 1966 da 31 Paesi, tra cui l\u2019Italia, con sede a Manila. Ad oggi conta 69 Stati Membri che da azionisti contribuiscono ai fondi della Banca per favorire lo sviluppo economico e sociale della regione Asia-Pacifico tramite [&hellip;]","protected":false},"author":4,"featured_media":0,"parent":2101,"menu_order":0,"comment_status":"closed","ping_status":"closed","template":"","meta":{"footnotes":""},"class_list":["post-3772","page","type-page","status-publish","hentry"],"_links":{"self":[{"href":"https:\/\/ambmanila.esteri.it\/it\/wp-json\/wp\/v2\/pages\/3772","targetHints":{"allow":["GET"]}}],"collection":[{"href":"https:\/\/ambmanila.esteri.it\/it\/wp-json\/wp\/v2\/pages"}],"about":[{"href":"https:\/\/ambmanila.esteri.it\/it\/wp-json\/wp\/v2\/types\/page"}],"author":[{"embeddable":true,"href":"https:\/\/ambmanila.esteri.it\/it\/wp-json\/wp\/v2\/users\/4"}],"replies":[{"embeddable":true,"href":"https:\/\/ambmanila.esteri.it\/it\/wp-json\/wp\/v2\/comments?post=3772"}],"version-history":[{"count":3,"href":"https:\/\/ambmanila.esteri.it\/it\/wp-json\/wp\/v2\/pages\/3772\/revisions"}],"predecessor-version":[{"id":3801,"href":"https:\/\/ambmanila.esteri.it\/it\/wp-json\/wp\/v2\/pages\/3772\/revisions\/3801"}],"up":[{"embeddable":true,"href":"https:\/\/ambmanila.esteri.it\/it\/wp-json\/wp\/v2\/pages\/2101"}],"wp:attachment":[{"href":"https:\/\/ambmanila.esteri.it\/it\/wp-json\/wp\/v2\/media?parent=3772"}],"curies":[{"name":"wp","href":"https:\/\/api.w.org\/{rel}","templated":true}]}}