{"id":3767,"date":"2024-11-18T16:34:51","date_gmt":"2024-11-18T08:34:51","guid":{"rendered":"https:\/\/ambmanila.esteri.it\/?page_id=3767"},"modified":"2026-04-30T10:17:39","modified_gmt":"2026-04-30T02:17:39","slug":"banca-asiatica-di-sviluppo","status":"publish","type":"page","link":"https:\/\/ambmanila.esteri.it\/it\/italia-e-filippine\/diplomazia-economica\/banca-asiatica-di-sviluppo\/","title":{"rendered":"Banca Asiatica di Sviluppo"},"content":{"rendered":"<p>&nbsp;<\/p>\n<p style=\"text-align: justify;\">La Banca Asiatica di Sviluppo (Asian Development Bank &#8211; ADB) \u00e8 una banca multilaterale di sviluppo regionale <strong>fondata nel 1966 da 31 Paesi, tra cui l\u2019Italia, con sede a Manila.<\/strong><\/p>\n<p style=\"text-align: justify;\">Ad oggi conta 69 Stati Membri che da azionisti contribuiscono ai fondi della Banca per favorire lo sviluppo economico e sociale della regione Asia-Pacifico tramite prestiti, sovvenzioni, garanzie e assistenze tecniche.<\/p>\n<p style=\"text-align: justify;\">La struttura del capitale della ADB offre i massimi livelli di sicurezza per gli investitori e i partner tramite una efficace governance ed una gestione finanziaria ai massimi standard internazionali. Le principali agenzie di rating del credito assegnano infatti alla ADB il punteggio massimo di tripla-A.<\/p>\n<p style=\"text-align: justify;\">Sostenuta da un solido bilancio e appoggiata da azionisti sovrani, la ADB offre garanzie dei pagamenti relativi a progetti di sviluppo maggiori rispetto a banche commerciali o entit\u00e0 private. Tale affidabilit\u00e0 \u00e8 ulteriormente supportata da procedure di assegnazione bandi trasparenti e accessibili.<\/p>\n<p>&nbsp;<\/p>\n<p style=\"text-align: justify;\"><span style=\"text-decoration: underline;\"><strong>POSIZIONE ITALIANA NELLA BANCA.<\/strong><\/span><\/p>\n<p style=\"text-align: justify;\">\u00a0<strong>L\u2019Italia \u00e8 un membro fondatore della ADB e detiene l\u20191,8% delle azioni della Banca. <\/strong><strong>Ad oggi ha sottoscritto un totale di 2,57 miliardi di dollari di capitale.<\/strong><\/p>\n<p style=\"text-align: justify;\">L\u2019Italia \u00e8 rappresentata nel Consiglio dei Governatori della Banca dal Governatore della Banca d\u2019Italia Fabio Panetta e\u00a0 dalla Dott.sa Manuela Nenna del Ministero dell\u2019Economia e delle Finanze, come Vice Governatore.<\/p>\n<p style=\"text-align: justify;\">L\u2019Italia fa parte di un Costituency Office, di cui fanno parte oltre al nostro paese Francia, Spagna, Portogallo, Svizzera, Belgio e Israele.<\/p>\n<p style=\"text-align: justify;\">Presso il Costituency Office viene nominato a rotazione un Direttore Esecutivo alternato ogni 3 anni tra Italia e Francia (i due Paesi con le maggiori azioni nella Constituency Office).<\/p>\n<p style=\"text-align: justify;\">Il Direttore Esecutivo della Constituency rappresenta gli interessi e le istituzioni dei Paesi sopracitati all\u2019interno del Consiglio dei Direttori della Banca.<\/p>\n<p style=\"text-align: justify;\">Attualmente il Direttore Esecutivo \u00e8 il francese Bertrand Furno.<\/p>\n<p>&nbsp;<\/p>\n<p style=\"text-align: justify;\"><span style=\"text-decoration: underline;\"><strong>IMPRESE\/ENTITA\u2019 ITALIANE NEI PROGETTI ADB.<\/strong><\/span><\/p>\n<p style=\"text-align: justify;\">\u00a0Dal 1966 ad oggi, sono stati assegnati 665 contratti di beni, lavori e servizi correlati per un valore di 1,46 miliardi di dollari e 457 contratti di consulenza per un valore di 254,72 milioni di dollari ad appaltatori, fornitori e consulenti italiani.\u00a0<strong>Questi dati fanno dell\u2019Italia il 27\u00b0 Paese nella classifica dei principali fornitori di lavori, beni e servizi della Banca.<\/strong><\/p>\n<p>&nbsp;<\/p>\n<p style=\"text-align: justify;\"><span style=\"text-decoration: underline;\"><strong>NEWSLETTER AGENZIA ICE.<\/strong><\/span><\/p>\n<p style=\"text-align: justify;\">Presso l&#8217;Ambasciata d&#8217;Italia opera un Desk di Agenzia ICE che svolge attivit\u00e0 di collegamento con la Banca al fine di promuovere presso le aziende nazionali opportunit\u00e0 di impiego nei progetti di sviluppo.<\/p>\n<p style=\"text-align: justify;\">Per facilitare la fruizione degli imponenti flussi informativi originati da ADB (notizie, rapporti, ecc.) di potenziale interesse e in una prospettiva italiana, <strong>Agenzia ICE e l&#8217;Ambasciata d&#8217;Italia a Manila curano dal settembre 2024 una newsletter.<\/strong><\/p>\n<p style=\"text-align: justify;\">Essa <strong>contiene le notizie che possono essere di maggior rilievo per le aziende italiane, condividendo informazioni utili su varie opportunit\u00e0 operative.<\/strong><\/p>\n<p>Per ricevere la newsletter mensilmente, si prega di compilare l&#8217;apposito modulo tramite il seguente <a href=\"https:\/\/docs.google.com\/forms\/d\/e\/1FAIpQLSdmAl_oz2_7QaGJ1UsouQp291H62EAk76rkXZxcC9tepJSNdg\/viewform?usp=send_form\">LINK<\/a>.<\/p>\n<p style=\"text-align: justify;\">L&#8217;archivio della newsletter \u00e8 qui scaricabile qui di seguito.<\/p>\n<h3>2026<\/h3>\n<ul>\n<li><a href=\"https:\/\/ambmanila.esteri.it\/wp-content\/uploads\/2026\/04\/Aggiornato-Newsletter-ADB-Aprile-2026-Vol-20.pdf\">Newsletter ADB- Aprile 2026 &#8211; Vol. 20<\/a><\/li>\n<li><a href=\"https:\/\/ambmanila.esteri.it\/wp-content\/uploads\/2026\/04\/Newsletter-Vol.-19.pdf\">Newsletter ADB- Marzo 2026 &#8211; Vol. 19<\/a><\/li>\n<li><a href=\"https:\/\/ambmanila.esteri.it\/wp-content\/uploads\/2026\/02\/ADB-Newsletter-Febbraio-2026-Finale.pdf\">Newsletter ADB- Febbraio 2026 &#8211; Vol. 18<\/a><\/li>\n<li><a href=\"https:\/\/ambmanila.esteri.it\/wp-content\/uploads\/2026\/02\/Newsletter-ADB-Gennaio-2026.pdf\">Newsletter ADB- Gennaio 2026 &#8211; Vol. 17<\/a><\/li>\n<\/ul>\n<h3>2025<\/h3>\n<ul>\n<li><a href=\"https:\/\/ambmanila.esteri.it\/wp-content\/uploads\/2026\/01\/ADB-Newsletter-Vol-16-Dicembre-2025-1.pdf\">Newsletter ADB- Dicembre 2025 &#8211; Vol. 16<\/a><\/li>\n<li><a href=\"https:\/\/ambmanila.esteri.it\/wp-content\/uploads\/2025\/12\/Newsletter-ADB-Novembre-2025-_-Vol.-15.pdf\">Newsletter ADB- Novembre 2025 &#8211; Vol. 15<\/a><\/li>\n<li><a href=\"https:\/\/ambmanila.esteri.it\/wp-content\/uploads\/2025\/12\/Aggiornato-Newsletter-ADB-Ottobre-2025-Vol-14.pdf\">Newsletter ADB &#8211; Ottobre 2025 &#8211; Vol. 14<\/a><\/li>\n<li><a href=\"https:\/\/ambmanila.esteri.it\/wp-content\/uploads\/2025\/09\/Newsletter-Osservatorio-ADB-Vol.13.pdf\">Newsletter ADB &#8211; Settembre 2025 &#8211; Vol 13<\/a><\/li>\n<li><a href=\"https:\/\/ambmanila.esteri.it\/wp-content\/uploads\/2025\/09\/Newsletter-Osservatorio-ADB-Vol.-12.pdf\">Newsletter ADB &#8211; Agosto 2025 &#8211; Vol 12<\/a><\/li>\n<li><a href=\"https:\/\/ambmanila.esteri.it\/wp-content\/uploads\/2025\/07\/ADB-Newsletter-luglio-2025-Vol.11-final.pdf\">Newsletter ADB &#8211; Luglio 2025 &#8211; Vol 11<\/a><\/li>\n<li><a href=\"https:\/\/ambmanila.esteri.it\/wp-content\/uploads\/2025\/06\/Newsletter-ADB-giugno-2025-1.pdf\">Newsletter ADB &#8211; Giugno 2025 &#8211; Vol 10<\/a><\/li>\n<li><a href=\"https:\/\/ambmanila.esteri.it\/wp-content\/uploads\/2025\/06\/ADB-Newsletter-maggio-2025-versione-finale_compressed-1.pdf\">Newsletter ADB &#8211; Maggio 2025 &#8211; Vol. 9<\/a><\/li>\n<li><a href=\"https:\/\/ambmanila.esteri.it\/wp-content\/uploads\/2025\/05\/ADB-Newsletter-April-2025_compressed.pdf\">Newsletter ADB &#8211; Aprile 2025\u00a0 &#8211; Vol. 8<\/a><\/li>\n<li><a href=\"https:\/\/ambmanila.esteri.it\/wp-content\/uploads\/2025\/05\/Newsletter-ADB-Febbraio-2025-Vol.-6_compressed-1_compressed.pdf\">Newsletter ADB &#8211; Marzo 2025 &#8211; Vol. 7<\/a><\/li>\n<li><span style=\"font-size: 16px;\"><a href=\"https:\/\/ambmanila.esteri.it\/wp-content\/uploads\/2025\/03\/Newsletter-ADB-Febbraio-2025-Vol.-6_compressed-1.pdf\">Newsletter ADB &#8211; Febbraio 2025 &#8211; Vol.6<\/a><\/span><\/li>\n<li><span style=\"font-size: 16px;\"><a href=\"https:\/\/ambmanila.esteri.it\/wp-content\/uploads\/2025\/01\/Newsletter-ADB-Gennaio-2025-Vol.1.pdf\">Newsletter ADB &#8211; Gennaio 2025 &#8211; Vol.5<\/a> <\/span><\/li>\n<\/ul>\n<h3>2024<\/h3>\n<ul style=\"text-align: justify;\">\n<li><a href=\"https:\/\/ambmanila.esteri.it\/wp-content\/uploads\/2024\/12\/Newsletter-ADB-Dicembre-2024-Vol.-4.pdf\">Newsletter ADB &#8211; Dicembre 2024 &#8211; Vol. 4<\/a><\/li>\n<li><a href=\"https:\/\/ambmanila.esteri.it\/wp-content\/uploads\/2024\/11\/Newsletter-ADB-Novembre-2024-Vol.-3.pdf\">Newsletter ADB &#8211; Novembre 2024 &#8211; Vol. 3<\/a><\/li>\n<li><a href=\"https:\/\/ambmanila.esteri.it\/wp-content\/uploads\/2024\/11\/ADB.-Newsletter-Ottobre-2024.pdf\">Newsletter ADB &#8211; Ottobre 2024 &#8211; Vol. 2<\/a><\/li>\n<li><a href=\"https:\/\/ambmanila.esteri.it\/wp-content\/uploads\/2024\/11\/Newsletter-ADB-Settembre-2024-Vol.1.pdf\">Newsletter ADB &#8211; Settembre 2024 &#8211; Vol. 1<\/a><\/li>\n<\/ul>\n<p>&nbsp;<\/p>\n","protected":false},"excerpt":{"rendered":"&nbsp; La Banca Asiatica di Sviluppo (Asian Development Bank &#8211; ADB) \u00e8 una banca multilaterale di sviluppo regionale fondata nel 1966 da 31 Paesi, tra cui l\u2019Italia, con sede a Manila. Ad oggi conta 69 Stati Membri che da azionisti contribuiscono ai fondi della Banca per favorire lo sviluppo economico e sociale della regione Asia-Pacifico [&hellip;]","protected":false},"author":4,"featured_media":0,"parent":43,"menu_order":1,"comment_status":"closed","ping_status":"closed","template":"","meta":{"footnotes":""},"class_list":["post-3767","page","type-page","status-publish","hentry"],"_links":{"self":[{"href":"https:\/\/ambmanila.esteri.it\/it\/wp-json\/wp\/v2\/pages\/3767","targetHints":{"allow":["GET"]}}],"collection":[{"href":"https:\/\/ambmanila.esteri.it\/it\/wp-json\/wp\/v2\/pages"}],"about":[{"href":"https:\/\/ambmanila.esteri.it\/it\/wp-json\/wp\/v2\/types\/page"}],"author":[{"embeddable":true,"href":"https:\/\/ambmanila.esteri.it\/it\/wp-json\/wp\/v2\/users\/4"}],"replies":[{"embeddable":true,"href":"https:\/\/ambmanila.esteri.it\/it\/wp-json\/wp\/v2\/comments?post=3767"}],"version-history":[{"count":6,"href":"https:\/\/ambmanila.esteri.it\/it\/wp-json\/wp\/v2\/pages\/3767\/revisions"}],"predecessor-version":[{"id":6484,"href":"https:\/\/ambmanila.esteri.it\/it\/wp-json\/wp\/v2\/pages\/3767\/revisions\/6484"}],"up":[{"embeddable":true,"href":"https:\/\/ambmanila.esteri.it\/it\/wp-json\/wp\/v2\/pages\/43"}],"wp:attachment":[{"href":"https:\/\/ambmanila.esteri.it\/it\/wp-json\/wp\/v2\/media?parent=3767"}],"curies":[{"name":"wp","href":"https:\/\/api.w.org\/{rel}","templated":true}]}}