{"id":3755,"date":"2024-11-18T16:22:01","date_gmt":"2024-11-18T08:22:01","guid":{"rendered":"https:\/\/ambmanila.esteri.it\/?page_id=3755"},"modified":"2024-11-18T16:22:01","modified_gmt":"2024-11-18T08:22:01","slug":"collettivita-filippina-in-italia","status":"publish","type":"page","link":"https:\/\/ambmanila.esteri.it\/it\/servizi-consolari-e-visti\/servizi-per-il-cittadino-italiano\/aire-anagrafe-italiani-residenti-allestero\/collettivita-filippina-in-italia\/","title":{"rendered":"Collettivit\u00e0 filippina in Italia"},"content":{"rendered":"<p>La comunit\u00e0 filippina (circa 165.000 secondo i dati del Ministero dell\u2019Interno) rappresenta una delle prime collettivit\u00e0 straniere ad aver fatto ingresso in Italia a partire dall\u2019inizio degli anni \u201970 del secolo scorso.<\/p>\n<p>I primi ingressi filippini in Italia furono incentivati da specifici accordi internazionali tra i due Paesi finalizzati a regolare l\u2019ingresso delle quote di lavoratrici domestiche e collaboratrici familiari. Gi\u00e0 dal finire degli anni \u201980, si assistette a un percorso di progressiva stabilizzazione delle presenze.<\/p>\n<p>La comunit\u00e0 filippina \u00e8 oggi sesta per numero di presenze tra le collettivit\u00e0 non comunitarie.<\/p>\n<p>La distribuzione geografica della collettivit\u00e0 vede una forte concentrazione nel Nord Italia, in particolare in Lombardia che accoglie pi\u00f9 di un terzo dei cittadini filippini (34,8%) seguita per numero di presenze dal Lazio, (27,4% dei cittadini filippini presenti in Italia) e dall\u2019Emilia-Romagna (8,6% della comunit\u00e0).<\/p>\n<p>(Fonte: <a href=\"https:\/\/www.lavoro.gov.it\/temi-e-priorita-immigrazione\/studi-e-statistiche\/rapporto-presenza-migranti-2023-filippine#:~:text=I%20filippini%20rappresentano%20l'ottava,concentrata%20nel%20Nord%20del%20Paese.\">Rapporto 2023<\/a> del Ministero del Lavoro e delle Politiche sociali)<\/p>\n","protected":false},"excerpt":{"rendered":"La comunit\u00e0 filippina (circa 165.000 secondo i dati del Ministero dell\u2019Interno) rappresenta una delle prime collettivit\u00e0 straniere ad aver fatto ingresso in Italia a partire dall\u2019inizio degli anni \u201970 del secolo scorso. I primi ingressi filippini in Italia furono incentivati da specifici accordi internazionali tra i due Paesi finalizzati a regolare l\u2019ingresso delle quote di [&hellip;]","protected":false},"author":4,"featured_media":0,"parent":2101,"menu_order":0,"comment_status":"closed","ping_status":"closed","template":"","meta":{"footnotes":""},"class_list":["post-3755","page","type-page","status-publish","hentry"],"_links":{"self":[{"href":"https:\/\/ambmanila.esteri.it\/it\/wp-json\/wp\/v2\/pages\/3755","targetHints":{"allow":["GET"]}}],"collection":[{"href":"https:\/\/ambmanila.esteri.it\/it\/wp-json\/wp\/v2\/pages"}],"about":[{"href":"https:\/\/ambmanila.esteri.it\/it\/wp-json\/wp\/v2\/types\/page"}],"author":[{"embeddable":true,"href":"https:\/\/ambmanila.esteri.it\/it\/wp-json\/wp\/v2\/users\/4"}],"replies":[{"embeddable":true,"href":"https:\/\/ambmanila.esteri.it\/it\/wp-json\/wp\/v2\/comments?post=3755"}],"version-history":[{"count":1,"href":"https:\/\/ambmanila.esteri.it\/it\/wp-json\/wp\/v2\/pages\/3755\/revisions"}],"predecessor-version":[{"id":3757,"href":"https:\/\/ambmanila.esteri.it\/it\/wp-json\/wp\/v2\/pages\/3755\/revisions\/3757"}],"up":[{"embeddable":true,"href":"https:\/\/ambmanila.esteri.it\/it\/wp-json\/wp\/v2\/pages\/2101"}],"wp:attachment":[{"href":"https:\/\/ambmanila.esteri.it\/it\/wp-json\/wp\/v2\/media?parent=3755"}],"curies":[{"name":"wp","href":"https:\/\/api.w.org\/{rel}","templated":true}]}}