{"id":3652,"date":"2024-11-14T12:47:37","date_gmt":"2024-11-14T04:47:37","guid":{"rendered":"https:\/\/ambmanila.esteri.it\/?page_id=3652"},"modified":"2024-11-18T11:05:14","modified_gmt":"2024-11-18T03:05:14","slug":"collettivita-italiana","status":"publish","type":"page","link":"https:\/\/ambmanila.esteri.it\/it\/italia-e-filippine\/diplomazia-culturale\/collettivita-italiana\/","title":{"rendered":"Collettivit\u00e0 italiana"},"content":{"rendered":"<p><strong>Origini <\/strong><\/p>\n<p>Un <strong>primo sporadico insediamento di connazionali risale al periodo tra le due guerre mondiali<\/strong> allorch\u00e9 alcuni italiani giunsero da Paesi limitrofi per esplorare possibilit\u00e0 produttive <strong>nel settore delle piantagioni di caucci\u00f9.<\/strong><\/p>\n<p>Una pi\u00f9 stabile e consistente presenza italiana prese avvio nel secondo dopoguerra grazie all\u2019opera dei religiosi (Salesiani, PIME, suore Francescane) venuti in missione.<\/p>\n<p>Agli inizi degli anni \u201970 del secolo scorso, alcuni imprenditori italiani si sono affacciati sul Paese intravedendo possibilit\u00e0 di sviluppo di affari nel settore manifatturiero (bigiotteria, calzature, articoli in legno, oggettistica), nel commercio, attraverso operazioni di import-export e nel turismo. Al grande programma di sviluppo infrastrutturale realizzato negli stessi anni, contribu\u00ec anche l\u2019esperienza italiana nel settore delle costruzioni e in quello dell\u2019industria locale (refrigerazione, impianti industriali, packaging, alimentare, mobilio, imballaggio, tabacco), con il conseguente rafforzamento della nostra presenza nel Paese.<\/p>\n<p>Per numerosi connazionali le Filippine sono diventate un insediamento stabile se non addirittura permanente anche per l\u2019opportunit\u00e0 economica che il Paese ha offerto.<\/p>\n<p><strong>Affinit\u00e0 socio-culturali e condivisione di valori familiari e religiosi hanno favorito poi la creazione di numerosi e stabili legami matrimoniali.<\/strong> Allo sviluppo dell\u2019insediamento degli italiani ha inoltre contribuito la crescente consapevolezza della rilevanza delle Filippine in Italia a causa di consistenti flussi migratorio verso il nostro paese, in particolare a partire dagli anni \u201980.<\/p>\n<hr \/>\n<p><strong>Consistenza e distribuzione nell\u2019arcipelago<\/strong><\/p>\n<p>La collettivit\u00e0 \u00e8 stimata in circa <strong>2300 unit\u00e0. <\/strong>Essa \u00e8 concentrata per la maggior parte nella capitale e dintorni. Seguono le isole di Cebu e Bohol. Una discreta presenza si registra anche nella parte meridionale a Mindanao.<\/p>\n<hr \/>\n<p><strong>Caratteristiche<\/strong><\/p>\n<p>Si tratta di una collettivit\u00e0 abbastanza coesa, riunita anche in <strong>forme di associazionismo informale<\/strong>, oltre che di aggregazione identitaria, dedita altres\u00ec alla diffusione della lingua e cultura italiane e al rafforzamento delle relazioni economiche e commerciali bilaterali.<\/p>\n<p>Negli anni recenti, oltre alle presenze classiche dell\u2019immigrazione italiana, di tipo imprenditoriale, professionale (si pensi agli <strong>italiani impiegati presso la Asian Development Bank e nelle OO.II.)<\/strong> e lavorativo, si \u00e8 assistito a due diverse peculiarit\u00e0 nel flusso in arrivo nel Paese.<\/p>\n<p>Da un lato <strong>\u00e8 cresciuto in maniera costante il numero di connazionali che prescelgono compagne filippine al fine di creare legami familiari e stabilirsi nel Paese<\/strong>.<\/p>\n<p>Sotto altri aspetti, <strong>sono sempre pi\u00f9 numerosi gli italiani di terza et\u00e0 che nelle Filippine trovano qualificata e dedicata assistenza alla persona<\/strong> e, nel contempo, possono valorizzare il potere di acquisto delle proprie disponibilit\u00e0, sovente limitate ai soli introiti pensionistici, grazie al basso costo della vita, in particolare nelle zone di provincia e nelle aree decentrate della metropoli.<\/p>\n<p>&nbsp;<\/p>\n<hr \/>\n<p>&nbsp;<\/p>\n<p><strong>\u00a0<\/strong><\/p>\n<p>&nbsp;<\/p>\n<p>&nbsp;<\/p>\n","protected":false},"excerpt":{"rendered":"Origini Un primo sporadico insediamento di connazionali risale al periodo tra le due guerre mondiali allorch\u00e9 alcuni italiani giunsero da Paesi limitrofi per esplorare possibilit\u00e0 produttive nel settore delle piantagioni di caucci\u00f9. Una pi\u00f9 stabile e consistente presenza italiana prese avvio nel secondo dopoguerra grazie all\u2019opera dei religiosi (Salesiani, PIME, suore Francescane) venuti in missione. [&hellip;]","protected":false},"author":4,"featured_media":0,"parent":44,"menu_order":0,"comment_status":"closed","ping_status":"closed","template":"","meta":{"footnotes":""},"class_list":["post-3652","page","type-page","status-publish","hentry"],"_links":{"self":[{"href":"https:\/\/ambmanila.esteri.it\/it\/wp-json\/wp\/v2\/pages\/3652","targetHints":{"allow":["GET"]}}],"collection":[{"href":"https:\/\/ambmanila.esteri.it\/it\/wp-json\/wp\/v2\/pages"}],"about":[{"href":"https:\/\/ambmanila.esteri.it\/it\/wp-json\/wp\/v2\/types\/page"}],"author":[{"embeddable":true,"href":"https:\/\/ambmanila.esteri.it\/it\/wp-json\/wp\/v2\/users\/4"}],"replies":[{"embeddable":true,"href":"https:\/\/ambmanila.esteri.it\/it\/wp-json\/wp\/v2\/comments?post=3652"}],"version-history":[{"count":3,"href":"https:\/\/ambmanila.esteri.it\/it\/wp-json\/wp\/v2\/pages\/3652\/revisions"}],"predecessor-version":[{"id":3722,"href":"https:\/\/ambmanila.esteri.it\/it\/wp-json\/wp\/v2\/pages\/3652\/revisions\/3722"}],"up":[{"embeddable":true,"href":"https:\/\/ambmanila.esteri.it\/it\/wp-json\/wp\/v2\/pages\/44"}],"wp:attachment":[{"href":"https:\/\/ambmanila.esteri.it\/it\/wp-json\/wp\/v2\/media?parent=3652"}],"curies":[{"name":"wp","href":"https:\/\/api.w.org\/{rel}","templated":true}]}}