{"id":13,"date":"2023-04-11T17:07:36","date_gmt":"2023-04-11T15:07:36","guid":{"rendered":"https:\/\/ambasciatapraga.esteri.it\/?page_id=13"},"modified":"2026-01-02T09:56:02","modified_gmt":"2026-01-02T01:56:02","slug":"chi-siamo","status":"publish","type":"page","link":"https:\/\/ambmanila.esteri.it\/it\/chi-siamo\/","title":{"rendered":"Chi siamo"},"content":{"rendered":"<p class=\"boxLevel03\"><strong>Ambasciata d&#8217;Italia a Manila<\/strong><\/p>\n<p>5th Floor, Tower B<br \/>\nOne Campus Place<br \/>\nMcKinley Hill<br \/>\nTaguig City, Metro Manila, Philippines<br \/>\n<strong>Tel.<\/strong>: (0063-2) 8892-4531<br \/>\n<strong>Fax<\/strong>: (0063-2) 8812-4322<\/p>\n<hr \/>\n<p><strong>Orari di apertura:<\/strong><br \/>\nluned\u00ec &#8211; giovedi: 08:00 &#8211; 16:30<br \/>\nvenerd\u00ec: 08:00 &#8211; 14:30<\/p>\n<hr \/>\n<p><strong>Orari di apertura al pubblico della Sezione Consolare:<\/strong><br \/>\nluned\u00ec: 09:00 &#8211; 12:00<br \/>\nmartedi: 09:00 &#8211; 12:00<br \/>\nmercoledi: 09:00 &#8211; 12:00 e 14:00 &#8211; 16:00<br \/>\n<strong>giovedi: chiusura al pubblico<\/strong><br \/>\nvenerdi: 09:00 &#8211; 12:00<\/p>\n<hr \/>\n<p><span style=\"text-decoration: underline;\"><strong>Calendario delle Festivit\u00e0 2026<\/strong><\/span><\/p>\n<ul>\n<li>01 gennaio, giovedi &#8211; CAPODANNO<\/li>\n<li>03 aprile, venerdi &#8211; VENERDI SANTO<\/li>\n<li>06 aprile, lunedi &#8211;\u00a0 LUNEDI DELL&#8217;ANGELO<\/li>\n<li>01 maggio, venerdi &#8211;\u00a0 FESTA DEL LAVORO<\/li>\n<li>02 giugno, martedi &#8211; FESTA DELLA REPUBBLICA ITALIANA<\/li>\n<li>12 giugno, venerdi &#8211;\u00a0 INDIPENDENZA DELLE FILIPPINE<\/li>\n<li>15 agosto, sabato &#8211; FERRAGOSTO<\/li>\n<li>31 agosto, lunedi &#8211; NATIONAL HEROES DAY DELLE FILIPPINE<\/li>\n<li>01 novembre, domenica &#8211; TUTTI I SANTI<\/li>\n<li>25 dicembre, venerdi &#8211; NATALE<\/li>\n<li>26 dicembre, sabato &#8211; SANTO STEFANO<\/li>\n<\/ul>\n<p>&nbsp;<\/p>\n","protected":false},"excerpt":{"rendered":"Ambasciata d&#8217;Italia a Manila 5th Floor, Tower B One Campus Place McKinley Hill Taguig City, Metro Manila, Philippines Tel.: (0063-2) 8892-4531 Fax: (0063-2) 8812-4322 Orari di apertura: luned\u00ec &#8211; giovedi: 08:00 &#8211; 16:30 venerd\u00ec: 08:00 &#8211; 14:30 Orari di apertura al pubblico della Sezione Consolare: luned\u00ec: 09:00 &#8211; 12:00 martedi: 09:00 &#8211; 12:00 mercoledi: 09:00 [&hellip;]","protected":false},"author":1,"featured_media":0,"parent":0,"menu_order":2,"comment_status":"closed","ping_status":"closed","template":"","meta":{"footnotes":""},"class_list":["post-13","page","type-page","status-publish","hentry"],"_links":{"self":[{"href":"https:\/\/ambmanila.esteri.it\/it\/wp-json\/wp\/v2\/pages\/13","targetHints":{"allow":["GET"]}}],"collection":[{"href":"https:\/\/ambmanila.esteri.it\/it\/wp-json\/wp\/v2\/pages"}],"about":[{"href":"https:\/\/ambmanila.esteri.it\/it\/wp-json\/wp\/v2\/types\/page"}],"author":[{"embeddable":true,"href":"https:\/\/ambmanila.esteri.it\/it\/wp-json\/wp\/v2\/users\/1"}],"replies":[{"embeddable":true,"href":"https:\/\/ambmanila.esteri.it\/it\/wp-json\/wp\/v2\/comments?post=13"}],"version-history":[{"count":6,"href":"https:\/\/ambmanila.esteri.it\/it\/wp-json\/wp\/v2\/pages\/13\/revisions"}],"predecessor-version":[{"id":5833,"href":"https:\/\/ambmanila.esteri.it\/it\/wp-json\/wp\/v2\/pages\/13\/revisions\/5833"}],"wp:attachment":[{"href":"https:\/\/ambmanila.esteri.it\/it\/wp-json\/wp\/v2\/media?parent=13"}],"curies":[{"name":"wp","href":"https:\/\/api.w.org\/{rel}","templated":true}]}}